{"id":2406,"date":"2025-02-10T16:53:38","date_gmt":"2025-02-10T15:53:38","guid":{"rendered":"https:\/\/staging3.team99.it\/polveri-termoindurenti\/"},"modified":"2025-06-23T16:47:18","modified_gmt":"2025-06-23T15:47:18","slug":"polvos-termoendurecibles","status":"publish","type":"page","link":"https:\/\/idek.it\/es\/polvos-termoendurecibles\/","title":{"rendered":"Polvos termoendurecibles"},"content":{"rendered":"\n<div class=\"wp-block-cover has-custom-content-position is-position-bottom-left pattern-intro-pagina\" style=\"min-height:100vh;aspect-ratio:unset;\"><img loading=\"lazy\" decoding=\"async\" width=\"2000\" height=\"1121\" class=\"wp-block-cover__image-background wp-image-1548 size-full\" alt=\"\" src=\"https:\/\/idek.it\/wp-content\/uploads\/2025\/05\/POLVERE-COLORATA-IDEK-AdobeStock_1096667768.jpg\" data-object-fit=\"cover\" srcset=\"https:\/\/idek.it\/wp-content\/uploads\/2025\/05\/POLVERE-COLORATA-IDEK-AdobeStock_1096667768.jpg 2000w, https:\/\/idek.it\/wp-content\/uploads\/2025\/05\/POLVERE-COLORATA-IDEK-AdobeStock_1096667768-300x168.jpg 300w, https:\/\/idek.it\/wp-content\/uploads\/2025\/05\/POLVERE-COLORATA-IDEK-AdobeStock_1096667768-1024x574.jpg 1024w, https:\/\/idek.it\/wp-content\/uploads\/2025\/05\/POLVERE-COLORATA-IDEK-AdobeStock_1096667768-768x430.jpg 768w, https:\/\/idek.it\/wp-content\/uploads\/2025\/05\/POLVERE-COLORATA-IDEK-AdobeStock_1096667768-1536x861.jpg 1536w\" sizes=\"auto, (max-width: 2000px) 100vw, 2000px\" \/><span aria-hidden=\"true\" class=\"wp-block-cover__background has-background-dim-0 has-background-dim\" style=\"background-color:#805058\"><\/span><div class=\"wp-block-cover__inner-container has-global-padding is-layout-constrained wp-block-cover-is-layout-constrained\">\n<h1 class=\"wp-block-heading has-titolo-giant-font-size\">Polvos termoendurecibles<\/h1>\n\n\n\n<p class=\"has-paragrafo-grande-font-size\">I.Powder<\/p>\n\n\n\n<div style=\"height:40px\" aria-hidden=\"true\" class=\"wp-block-spacer\"><\/div>\n<\/div><\/div>\n\n\n\n<div class=\"wp-block-group pattern-intro-txt-img has-global-padding is-layout-constrained wp-block-group-is-layout-constrained\" style=\"padding-top:8vh;padding-bottom:0\">\n<p class=\"has-pretitolo-font-size\">I.POWDER<\/p>\n\n\n\n<p class=\"is-style-default has-titolo-sezione-font-size\">Polvos termoendurecibles<\/p>\n\n\n\n<div style=\"height:60px\" aria-hidden=\"true\" class=\"wp-block-spacer\"><\/div>\n\n\n\n<div class=\"wp-block-columns is-layout-flex wp-container-core-columns-is-layout-28f84493 wp-block-columns-is-layout-flex\">\n<div class=\"wp-block-column is-layout-flow wp-block-column-is-layout-flow\">\n<p class=\"\">En I.DEK desarrollamos, a trav\u00e9s de un negocio conjunto, <strong>polvos termoendurecibles de alta calidad<\/strong>, dise\u00f1ados para garantizar unos <strong>acabados extremadamente resistentes<\/strong>, aptos para m\u00faltiples aplicaciones industriales.<br><strong>Estamos acreditados por Qualideco como POWDER SUPPLIER con licencia PS-033<\/strong>, lo cual confirma nuestro empe\u00f1o en el abastecimiento de productos fiables y certificados.<\/p>\n<\/div>\n\n\n\n<div class=\"wp-block-column is-layout-flow wp-block-column-is-layout-flow\">\n<p class=\"\"><strong>Nuestros polvos son aptos para distintas plantas de pintura<\/strong>, tales como instalaciones verticales, horizontales o de disco; se utilizan para crear revestimientos de protecci\u00f3n sobre aluminio y otros metales, ofreciendo una elevada resistencia a las rayaduras, las sustancias qu\u00edmicas y los agentes atmosf\u00e9ricos, lo cual es garant\u00eda de una larga duraci\u00f3n.<\/p>\n\n\n\n<p class=\"\">Todos nuestros polvos de la marca i.transfer disponen de los sellos de certificaci\u00f3n <strong>Qualicoat<\/strong> y <strong>Qualideco<\/strong>, Clase 1 y Clase 2, <strong>AAMA<\/strong> 2604 y 2605, garant\u00eda de excelencia est\u00e9tica y prestaciones superiores.<\/p>\n<\/div>\n<\/div>\n\n\n\n<div style=\"height:60px\" aria-hidden=\"true\" class=\"wp-block-spacer\"><\/div>\n\n\n\n<div class=\"wp-block-group has-global-padding is-layout-constrained wp-block-group-is-layout-constrained\">\n<figure class=\"wp-block-image size-full is-style-width-100\"><img loading=\"lazy\" decoding=\"async\" width=\"2000\" height=\"1333\" src=\"https:\/\/idek.it\/wp-content\/uploads\/2025\/05\/VERNICIATURA-IDEK-AdobeStock_963641531.jpg\" alt=\"\" class=\"wp-image-1550\" style=\"aspect-ratio:16\/9;object-fit:cover\" srcset=\"https:\/\/idek.it\/wp-content\/uploads\/2025\/05\/VERNICIATURA-IDEK-AdobeStock_963641531.jpg 2000w, https:\/\/idek.it\/wp-content\/uploads\/2025\/05\/VERNICIATURA-IDEK-AdobeStock_963641531-300x200.jpg 300w, https:\/\/idek.it\/wp-content\/uploads\/2025\/05\/VERNICIATURA-IDEK-AdobeStock_963641531-1024x682.jpg 1024w, https:\/\/idek.it\/wp-content\/uploads\/2025\/05\/VERNICIATURA-IDEK-AdobeStock_963641531-768x512.jpg 768w, https:\/\/idek.it\/wp-content\/uploads\/2025\/05\/VERNICIATURA-IDEK-AdobeStock_963641531-1536x1024.jpg 1536w\" sizes=\"auto, (max-width: 2000px) 100vw, 2000px\" \/><\/figure>\n<\/div>\n<\/div>\n\n\n\n<div class=\"wp-block-group t99-sezione pattern-elenco-foto has-global-padding is-layout-constrained wp-block-group-is-layout-constrained\" style=\"padding-top:8vh;padding-bottom:8vh\">\n<div class=\"wp-block-group has-global-padding is-layout-constrained wp-block-group-is-layout-constrained\">\n<div class=\"wp-block-group riga-pagine-servizi is-content-justification-space-between is-nowrap is-layout-flex wp-container-core-group-is-layout-809edb75 wp-block-group-is-layout-flex\">\n<div class=\"wp-block-group has-global-padding is-layout-constrained wp-block-group-is-layout-constrained\">\n<div class=\"wp-block-columns is-layout-flex wp-container-core-columns-is-layout-9c22b1e3 wp-block-columns-is-layout-flex\">\n<div class=\"wp-block-column is-layout-flow wp-block-column-is-layout-flow\" style=\"flex-basis:60px\">\n<div class=\"wp-block-group has-global-padding is-content-justification-left is-layout-constrained wp-container-core-group-is-layout-12dd3699 wp-block-group-is-layout-constrained\">\n<p class=\"has-numero-small-font-size\">[01]<\/p>\n<\/div>\n<\/div>\n\n\n\n<div class=\"wp-block-column is-layout-flow wp-block-column-is-layout-flow\" style=\"flex-basis:100%\">\n<h2 class=\"wp-block-heading has-titolo-sezione-font-size\">i.Powder<\/h2>\n\n\n\n<div class=\"wp-block-group has-global-padding is-content-justification-left is-layout-constrained wp-container-core-group-is-layout-d5209ea4 wp-block-group-is-layout-constrained\">\n<p class=\"\">En I.DEK, la personalizaci\u00f3n de los acabados es esencial, pero garantizar la uniformidad y la calidad lo es a\u00fan m\u00e1s. Producir los polvos nos permite controlar cada fase del proceso, con la seguridad de poder repetir perfectamente cada color sobre cualquier superficie met\u00e1lica. Este enfoque nos permite desarrollar tonalidades originales y garantizar unos resultados impecables, sea cual sea el soporte sobre el que se vayan a aplicar.<\/p>\n<\/div>\n\n\n\n<div style=\"height:20px\" aria-hidden=\"true\" class=\"wp-block-spacer\"><\/div>\n\n\n\n<div class=\"wp-block-buttons is-layout-flex wp-block-buttons-is-layout-flex\"><div class=\"wp-block-button\"><a class=\"wp-block-button__link wp-element-button\" href=\"https:\/\/idek.it\/es\/catalogo-ipowder\/\" data-hover=\"SABER M\u00c1S\"><span>SABER M\u00c1S<\/span><\/a><\/div><\/div>\n\n\n\n<div style=\"height:20px\" aria-hidden=\"true\" class=\"wp-block-spacer\"><\/div>\n<\/div>\n<\/div>\n<\/div>\n\n\n\n<div class=\"wp-block-group is-style-mobile-100 has-global-padding is-layout-constrained wp-block-group-is-layout-constrained\">\n<div class=\"wp-block-group gruppo-immagine-pagine-servizi is-style-mobile-100 has-global-padding is-layout-constrained wp-block-group-is-layout-constrained\">\n<figure class=\"wp-block-image size-large is-resized\"><img loading=\"lazy\" decoding=\"async\" width=\"1024\" height=\"1024\" src=\"https:\/\/idek.it\/wp-content\/uploads\/2025\/06\/P049-cover-IPOWDER-1024x1024.jpg\" alt=\"\" class=\"wp-image-1621\" style=\"object-fit:cover;width:300px;height:300px\" srcset=\"https:\/\/idek.it\/wp-content\/uploads\/2025\/06\/P049-cover-IPOWDER-1024x1024.jpg 1024w, https:\/\/idek.it\/wp-content\/uploads\/2025\/06\/P049-cover-IPOWDER-300x300.jpg 300w, https:\/\/idek.it\/wp-content\/uploads\/2025\/06\/P049-cover-IPOWDER-150x150.jpg 150w, https:\/\/idek.it\/wp-content\/uploads\/2025\/06\/P049-cover-IPOWDER-768x768.jpg 768w, https:\/\/idek.it\/wp-content\/uploads\/2025\/06\/P049-cover-IPOWDER-1536x1536.jpg 1536w, https:\/\/idek.it\/wp-content\/uploads\/2025\/06\/P049-cover-IPOWDER.jpg 2000w\" sizes=\"auto, (max-width: 1024px) 100vw, 1024px\" \/><\/figure>\n<\/div>\n<\/div>\n<\/div>\n<\/div>\n<\/div>\n\n\n\n<div class=\"wp-block-cover\" style=\"min-height:100vh;aspect-ratio:unset;\"><img loading=\"lazy\" decoding=\"async\" width=\"2000\" height=\"1335\" class=\"wp-block-cover__image-background wp-image-1552 size-full\" alt=\"\" src=\"https:\/\/idek.it\/wp-content\/uploads\/2025\/05\/VERNICIATURA-IDEK-AdobeStock_283496421.jpg\" data-object-fit=\"cover\" srcset=\"https:\/\/idek.it\/wp-content\/uploads\/2025\/05\/VERNICIATURA-IDEK-AdobeStock_283496421.jpg 2000w, https:\/\/idek.it\/wp-content\/uploads\/2025\/05\/VERNICIATURA-IDEK-AdobeStock_283496421-300x200.jpg 300w, https:\/\/idek.it\/wp-content\/uploads\/2025\/05\/VERNICIATURA-IDEK-AdobeStock_283496421-1024x684.jpg 1024w, https:\/\/idek.it\/wp-content\/uploads\/2025\/05\/VERNICIATURA-IDEK-AdobeStock_283496421-768x513.jpg 768w, https:\/\/idek.it\/wp-content\/uploads\/2025\/05\/VERNICIATURA-IDEK-AdobeStock_283496421-1536x1025.jpg 1536w\" sizes=\"auto, (max-width: 2000px) 100vw, 2000px\" \/><span aria-hidden=\"true\" class=\"wp-block-cover__background has-background-dim-0 has-background-dim\" style=\"background-color:#5b6368\"><\/span><div class=\"wp-block-cover__inner-container has-global-padding is-layout-constrained wp-block-cover-is-layout-constrained\">\n<p class=\"has-text-align-center has-large-font-size\"><\/p>\n<\/div><\/div>\n","protected":false},"excerpt":{"rendered":"<p>I.POWDER Polvos termoendurecibles En I.DEK desarrollamos, a trav\u00e9s de un negocio conjunto, polvos termoendurecibles de alta calidad, dise\u00f1ados para garantizar unos acabados extremadamente resistentes, aptos para m\u00faltiples aplicaciones industriales.Estamos acreditados por Qualideco como POWDER SUPPLIER con licencia PS-033, lo cual confirma nuestro empe\u00f1o en el abastecimiento de productos fiables y certificados. Nuestros polvos son aptos [&hellip;]<\/p>\n","protected":false},"author":1,"featured_media":0,"parent":0,"menu_order":0,"comment_status":"closed","ping_status":"closed","template":"","meta":{"_acf_changed":false,"footnotes":""},"class_list":["post-2406","page","type-page","status-publish","hentry"],"yoast_head":"<!-- This site is optimized with the Yoast SEO plugin v25.3.1 - https:\/\/yoast.com\/wordpress\/plugins\/seo\/ -->\n<title>Polvos termoendurecibles - I-DEK<\/title>\n<meta name=\"robots\" content=\"index, follow, max-snippet:-1, max-image-preview:large, max-video-preview:-1\" \/>\n<link rel=\"canonical\" href=\"https:\/\/idek.it\/es\/polvos-termoendurecibles\/\" \/>\n<meta property=\"og:locale\" content=\"es_ES\" \/>\n<meta property=\"og:type\" content=\"article\" \/>\n<meta property=\"og:title\" content=\"Polvos termoendurecibles - I-DEK\" \/>\n<meta property=\"og:description\" content=\"I.POWDER Polvos termoendurecibles En I.DEK desarrollamos, a trav\u00e9s de un negocio conjunto, polvos termoendurecibles de alta calidad, dise\u00f1ados para garantizar unos acabados extremadamente resistentes, aptos para m\u00faltiples aplicaciones industriales.Estamos acreditados por Qualideco como POWDER SUPPLIER con licencia PS-033, lo cual confirma nuestro empe\u00f1o en el abastecimiento de productos fiables y certificados. Nuestros polvos son aptos [&hellip;]\" \/>\n<meta property=\"og:url\" content=\"https:\/\/idek.it\/es\/polvos-termoendurecibles\/\" \/>\n<meta property=\"og:site_name\" content=\"I-DEK\" \/>\n<meta property=\"article:modified_time\" content=\"2025-06-23T15:47:18+00:00\" \/>\n<meta property=\"og:image\" content=\"https:\/\/idek.it\/wp-content\/uploads\/2025\/05\/POLVERE-COLORATA-IDEK-AdobeStock_1096667768.jpg\" \/>\n\t<meta property=\"og:image:width\" content=\"2000\" \/>\n\t<meta property=\"og:image:height\" content=\"1121\" \/>\n\t<meta property=\"og:image:type\" content=\"image\/jpeg\" \/>\n<meta name=\"twitter:card\" content=\"summary_large_image\" \/>\n<meta name=\"twitter:label1\" content=\"Tiempo de lectura\" \/>\n\t<meta name=\"twitter:data1\" content=\"1 minuto\" \/>\n<script type=\"application\/ld+json\" class=\"yoast-schema-graph\">{\"@context\":\"https:\/\/schema.org\",\"@graph\":[{\"@type\":\"WebPage\",\"@id\":\"https:\/\/idek.it\/es\/polvos-termoendurecibles\/\",\"url\":\"https:\/\/idek.it\/es\/polvos-termoendurecibles\/\",\"name\":\"Polvos termoendurecibles - I-DEK\",\"isPartOf\":{\"@id\":\"https:\/\/idek.it\/es\/#website\"},\"primaryImageOfPage\":{\"@id\":\"https:\/\/idek.it\/es\/polvos-termoendurecibles\/#primaryimage\"},\"image\":{\"@id\":\"https:\/\/idek.it\/es\/polvos-termoendurecibles\/#primaryimage\"},\"thumbnailUrl\":\"https:\/\/idek.it\/wp-content\/uploads\/2025\/05\/POLVERE-COLORATA-IDEK-AdobeStock_1096667768.jpg\",\"datePublished\":\"2025-02-10T15:53:38+00:00\",\"dateModified\":\"2025-06-23T15:47:18+00:00\",\"breadcrumb\":{\"@id\":\"https:\/\/idek.it\/es\/polvos-termoendurecibles\/#breadcrumb\"},\"inLanguage\":\"es\",\"potentialAction\":[{\"@type\":\"ReadAction\",\"target\":[\"https:\/\/idek.it\/es\/polvos-termoendurecibles\/\"]}]},{\"@type\":\"ImageObject\",\"inLanguage\":\"es\",\"@id\":\"https:\/\/idek.it\/es\/polvos-termoendurecibles\/#primaryimage\",\"url\":\"https:\/\/idek.it\/wp-content\/uploads\/2025\/05\/POLVERE-COLORATA-IDEK-AdobeStock_1096667768.jpg\",\"contentUrl\":\"https:\/\/idek.it\/wp-content\/uploads\/2025\/05\/POLVERE-COLORATA-IDEK-AdobeStock_1096667768.jpg\"},{\"@type\":\"BreadcrumbList\",\"@id\":\"https:\/\/idek.it\/es\/polvos-termoendurecibles\/#breadcrumb\",\"itemListElement\":[{\"@type\":\"ListItem\",\"position\":1,\"name\":\"Home\",\"item\":\"https:\/\/idek.it\/es\/\"},{\"@type\":\"ListItem\",\"position\":2,\"name\":\"Polvos termoendurecibles\"}]},{\"@type\":\"WebSite\",\"@id\":\"https:\/\/idek.it\/es\/#website\",\"url\":\"https:\/\/idek.it\/es\/\",\"name\":\"I-DEK\",\"description\":\"Enhance Decoration\",\"publisher\":{\"@id\":\"https:\/\/idek.it\/es\/#organization\"},\"potentialAction\":[{\"@type\":\"SearchAction\",\"target\":{\"@type\":\"EntryPoint\",\"urlTemplate\":\"https:\/\/idek.it\/es\/?s={search_term_string}\"},\"query-input\":{\"@type\":\"PropertyValueSpecification\",\"valueRequired\":true,\"valueName\":\"search_term_string\"}}],\"inLanguage\":\"es\"},{\"@type\":\"Organization\",\"@id\":\"https:\/\/idek.it\/es\/#organization\",\"name\":\"I-DEK\",\"url\":\"https:\/\/idek.it\/es\/\",\"logo\":{\"@type\":\"ImageObject\",\"inLanguage\":\"es\",\"@id\":\"https:\/\/idek.it\/es\/#\/schema\/logo\/image\/\",\"url\":\"https:\/\/idek.it\/wp-content\/uploads\/2025\/01\/idek-logo-color.svg\",\"contentUrl\":\"https:\/\/idek.it\/wp-content\/uploads\/2025\/01\/idek-logo-color.svg\",\"width\":1,\"height\":1,\"caption\":\"I-DEK\"},\"image\":{\"@id\":\"https:\/\/idek.it\/es\/#\/schema\/logo\/image\/\"}}]}<\/script>\n<!-- \/ Yoast SEO plugin. -->","yoast_head_json":{"title":"Polvos termoendurecibles - I-DEK","robots":{"index":"index","follow":"follow","max-snippet":"max-snippet:-1","max-image-preview":"max-image-preview:large","max-video-preview":"max-video-preview:-1"},"canonical":"https:\/\/idek.it\/es\/polvos-termoendurecibles\/","og_locale":"es_ES","og_type":"article","og_title":"Polvos termoendurecibles - I-DEK","og_description":"I.POWDER Polvos termoendurecibles En I.DEK desarrollamos, a trav\u00e9s de un negocio conjunto, polvos termoendurecibles de alta calidad, dise\u00f1ados para garantizar unos acabados extremadamente resistentes, aptos para m\u00faltiples aplicaciones industriales.Estamos acreditados por Qualideco como POWDER SUPPLIER con licencia PS-033, lo cual confirma nuestro empe\u00f1o en el abastecimiento de productos fiables y certificados. Nuestros polvos son aptos [&hellip;]","og_url":"https:\/\/idek.it\/es\/polvos-termoendurecibles\/","og_site_name":"I-DEK","article_modified_time":"2025-06-23T15:47:18+00:00","og_image":[{"width":2000,"height":1121,"url":"https:\/\/idek.it\/wp-content\/uploads\/2025\/05\/POLVERE-COLORATA-IDEK-AdobeStock_1096667768.jpg","type":"image\/jpeg"}],"twitter_card":"summary_large_image","twitter_misc":{"Tiempo de lectura":"1 minuto"},"schema":{"@context":"https:\/\/schema.org","@graph":[{"@type":"WebPage","@id":"https:\/\/idek.it\/es\/polvos-termoendurecibles\/","url":"https:\/\/idek.it\/es\/polvos-termoendurecibles\/","name":"Polvos termoendurecibles - I-DEK","isPartOf":{"@id":"https:\/\/idek.it\/es\/#website"},"primaryImageOfPage":{"@id":"https:\/\/idek.it\/es\/polvos-termoendurecibles\/#primaryimage"},"image":{"@id":"https:\/\/idek.it\/es\/polvos-termoendurecibles\/#primaryimage"},"thumbnailUrl":"https:\/\/idek.it\/wp-content\/uploads\/2025\/05\/POLVERE-COLORATA-IDEK-AdobeStock_1096667768.jpg","datePublished":"2025-02-10T15:53:38+00:00","dateModified":"2025-06-23T15:47:18+00:00","breadcrumb":{"@id":"https:\/\/idek.it\/es\/polvos-termoendurecibles\/#breadcrumb"},"inLanguage":"es","potentialAction":[{"@type":"ReadAction","target":["https:\/\/idek.it\/es\/polvos-termoendurecibles\/"]}]},{"@type":"ImageObject","inLanguage":"es","@id":"https:\/\/idek.it\/es\/polvos-termoendurecibles\/#primaryimage","url":"https:\/\/idek.it\/wp-content\/uploads\/2025\/05\/POLVERE-COLORATA-IDEK-AdobeStock_1096667768.jpg","contentUrl":"https:\/\/idek.it\/wp-content\/uploads\/2025\/05\/POLVERE-COLORATA-IDEK-AdobeStock_1096667768.jpg"},{"@type":"BreadcrumbList","@id":"https:\/\/idek.it\/es\/polvos-termoendurecibles\/#breadcrumb","itemListElement":[{"@type":"ListItem","position":1,"name":"Home","item":"https:\/\/idek.it\/es\/"},{"@type":"ListItem","position":2,"name":"Polvos termoendurecibles"}]},{"@type":"WebSite","@id":"https:\/\/idek.it\/es\/#website","url":"https:\/\/idek.it\/es\/","name":"I-DEK","description":"Enhance Decoration","publisher":{"@id":"https:\/\/idek.it\/es\/#organization"},"potentialAction":[{"@type":"SearchAction","target":{"@type":"EntryPoint","urlTemplate":"https:\/\/idek.it\/es\/?s={search_term_string}"},"query-input":{"@type":"PropertyValueSpecification","valueRequired":true,"valueName":"search_term_string"}}],"inLanguage":"es"},{"@type":"Organization","@id":"https:\/\/idek.it\/es\/#organization","name":"I-DEK","url":"https:\/\/idek.it\/es\/","logo":{"@type":"ImageObject","inLanguage":"es","@id":"https:\/\/idek.it\/es\/#\/schema\/logo\/image\/","url":"https:\/\/idek.it\/wp-content\/uploads\/2025\/01\/idek-logo-color.svg","contentUrl":"https:\/\/idek.it\/wp-content\/uploads\/2025\/01\/idek-logo-color.svg","width":1,"height":1,"caption":"I-DEK"},"image":{"@id":"https:\/\/idek.it\/es\/#\/schema\/logo\/image\/"}}]}},"acf":[],"_links":{"self":[{"href":"https:\/\/idek.it\/es\/wp-json\/wp\/v2\/pages\/2406","targetHints":{"allow":["GET"]}}],"collection":[{"href":"https:\/\/idek.it\/es\/wp-json\/wp\/v2\/pages"}],"about":[{"href":"https:\/\/idek.it\/es\/wp-json\/wp\/v2\/types\/page"}],"author":[{"embeddable":true,"href":"https:\/\/idek.it\/es\/wp-json\/wp\/v2\/users\/1"}],"replies":[{"embeddable":true,"href":"https:\/\/idek.it\/es\/wp-json\/wp\/v2\/comments?post=2406"}],"version-history":[{"count":4,"href":"https:\/\/idek.it\/es\/wp-json\/wp\/v2\/pages\/2406\/revisions"}],"predecessor-version":[{"id":2897,"href":"https:\/\/idek.it\/es\/wp-json\/wp\/v2\/pages\/2406\/revisions\/2897"}],"wp:attachment":[{"href":"https:\/\/idek.it\/es\/wp-json\/wp\/v2\/media?parent=2406"}],"curies":[{"name":"wp","href":"https:\/\/api.w.org\/{rel}","templated":true}]}}