{"id":2415,"date":"2025-02-10T17:01:03","date_gmt":"2025-02-10T16:01:03","guid":{"rendered":"https:\/\/staging3.team99.it\/trattamenti-superficiali-su-film-plastici\/"},"modified":"2025-06-19T10:49:25","modified_gmt":"2025-06-19T09:49:25","slug":"tratamientos-superficiales-en-peliculas-de-plastico","status":"publish","type":"page","link":"https:\/\/idek.it\/es\/tratamientos-superficiales-en-peliculas-de-plastico\/","title":{"rendered":"Tratamientos superficiales en pel\u00edculas de pl\u00e1stico"},"content":{"rendered":"\n<div class=\"wp-block-cover has-custom-content-position is-position-bottom-left pattern-intro-pagina\" style=\"min-height:100vh;aspect-ratio:unset;\"><img loading=\"lazy\" decoding=\"async\" width=\"2000\" height=\"1333\" class=\"wp-block-cover__image-background wp-image-1360 size-full\" alt=\"\" src=\"https:\/\/idek.it\/wp-content\/uploads\/2025\/04\/PANNELLI-FOTOVOLTAICI-AdobeStock_1216364139.jpg\" data-object-fit=\"cover\" srcset=\"https:\/\/idek.it\/wp-content\/uploads\/2025\/04\/PANNELLI-FOTOVOLTAICI-AdobeStock_1216364139.jpg 2000w, https:\/\/idek.it\/wp-content\/uploads\/2025\/04\/PANNELLI-FOTOVOLTAICI-AdobeStock_1216364139-300x200.jpg 300w, https:\/\/idek.it\/wp-content\/uploads\/2025\/04\/PANNELLI-FOTOVOLTAICI-AdobeStock_1216364139-1024x682.jpg 1024w, https:\/\/idek.it\/wp-content\/uploads\/2025\/04\/PANNELLI-FOTOVOLTAICI-AdobeStock_1216364139-768x512.jpg 768w, https:\/\/idek.it\/wp-content\/uploads\/2025\/04\/PANNELLI-FOTOVOLTAICI-AdobeStock_1216364139-1536x1024.jpg 1536w\" sizes=\"auto, (max-width: 2000px) 100vw, 2000px\" \/><span aria-hidden=\"true\" class=\"wp-block-cover__background has-custom-nero-background-color has-background-dim-30 has-background-dim\"><\/span><div class=\"wp-block-cover__inner-container has-global-padding is-layout-constrained wp-block-cover-is-layout-constrained\">\n<h1 class=\"wp-block-heading has-titolo-giant-font-size\">Tratamientos superficiales en pel\u00edculas de pl\u00e1stico<\/h1>\n\n\n\n<p class=\"has-paragrafo-grande-font-size\">Tratamientos avanzados para superficies resistentes<\/p>\n\n\n\n<div style=\"height:40px\" aria-hidden=\"true\" class=\"wp-block-spacer\"><\/div>\n<\/div><\/div>\n\n\n\n<div class=\"wp-block-group pattern-intro-txt-img has-global-padding is-layout-constrained wp-container-core-group-is-layout-d8fa43c4 wp-block-group-is-layout-constrained\" style=\"padding-top:8vh;padding-right:var(--wp--preset--spacing--10);padding-bottom:8vh;padding-left:var(--wp--preset--spacing--10)\">\n<p class=\"has-pretitolo-font-size\">LACADO UV EXCIMER<\/p>\n\n\n\n<p class=\"is-style-default has-titolo-sezione-font-size\">Lacado UV Excimer<\/p>\n\n\n\n<div style=\"height:60px\" aria-hidden=\"true\" class=\"wp-block-spacer\"><\/div>\n\n\n\n<div class=\"wp-block-columns is-layout-flex wp-container-core-columns-is-layout-28f84493 wp-block-columns-is-layout-flex\">\n<div class=\"wp-block-column is-layout-flow wp-block-column-is-layout-flow\">\n<p class=\"\">En I.DEX, innovaci\u00f3n y tecnolog\u00eda se funden en nuestras avanzadas instalaciones de lacado para pel\u00edculas de pl\u00e1stico. Gracias a la <strong>tecnolog\u00eda UV Excimer en ambiente inerte<\/strong>, llevamos a cabo tratamientos de alto rendimiento, <strong>ideales para el sector del mueble y en la producci\u00f3n de l\u00e1minas frontales para placas solares flexibles<\/strong>.<\/p>\n<\/div>\n\n\n\n<div class=\"wp-block-column is-layout-flow wp-block-column-is-layout-flow\">\n<p class=\"\">Este proceso garantiza unas superficies de alta resistencia, con una excelente duraci\u00f3n y un rendimiento est\u00e9tico superior, dando respuesta a las exigencias de mercados cada vez m\u00e1s evolucionados y especializados.<\/p>\n<\/div>\n<\/div>\n\n\n\n<div style=\"height:60px\" aria-hidden=\"true\" class=\"wp-block-spacer\"><\/div>\n\n\n\n<figure class=\"wp-block-image size-full is-style-default\" style=\"margin-top:var(--wp--preset--spacing--20);margin-bottom:var(--wp--preset--spacing--20)\"><img loading=\"lazy\" decoding=\"async\" width=\"2000\" height=\"1333\" src=\"https:\/\/idek.it\/wp-content\/uploads\/2025\/04\/SCHEMA-TRATTAMENTI-FILM-PLASTICI.jpg\" alt=\"\" class=\"wp-image-1356\" style=\"aspect-ratio:16\/9;object-fit:cover\" srcset=\"https:\/\/idek.it\/wp-content\/uploads\/2025\/04\/SCHEMA-TRATTAMENTI-FILM-PLASTICI.jpg 2000w, https:\/\/idek.it\/wp-content\/uploads\/2025\/04\/SCHEMA-TRATTAMENTI-FILM-PLASTICI-300x200.jpg 300w, https:\/\/idek.it\/wp-content\/uploads\/2025\/04\/SCHEMA-TRATTAMENTI-FILM-PLASTICI-1024x682.jpg 1024w, https:\/\/idek.it\/wp-content\/uploads\/2025\/04\/SCHEMA-TRATTAMENTI-FILM-PLASTICI-768x512.jpg 768w, https:\/\/idek.it\/wp-content\/uploads\/2025\/04\/SCHEMA-TRATTAMENTI-FILM-PLASTICI-1536x1024.jpg 1536w\" sizes=\"auto, (max-width: 2000px) 100vw, 2000px\" \/><\/figure>\n<\/div>\n\n\n\n<div class=\"wp-block-group pattern-sez-azzurra has-custom-bianco-color has-custom-uno-background-color has-text-color has-background has-link-color wp-elements-412b4a864d91b27d1b922236ff2fd081 has-global-padding is-layout-constrained wp-block-group-is-layout-constrained\" style=\"padding-top:8vh;padding-bottom:8vh\">\n<p class=\"has-pretitolo-font-size\">ACABADOS DE ALTA CALIDAD<\/p>\n\n\n\n<div class=\"wp-block-group has-global-padding is-content-justification-left is-layout-constrained wp-container-core-group-is-layout-74cbbf86 wp-block-group-is-layout-constrained\">\n<p class=\"is-style-riempimento has-titolo-sezione-font-size\">Ventajas de la tecnolog\u00eda UV Excimer<\/p>\n<\/div>\n\n\n\n<div style=\"height:60px\" aria-hidden=\"true\" class=\"wp-block-spacer\"><\/div>\n\n\n\n<div class=\"wp-block-columns is-layout-flex wp-container-core-columns-is-layout-28f84493 wp-block-columns-is-layout-flex\">\n<div class=\"wp-block-column is-layout-flow wp-block-column-is-layout-flow\">\n<p class=\"\">En I.DEK, esta tecnolog\u00eda innovadora emplea l\u00e1mparas UV Excimer para generar una radiaci\u00f3n de baja longitud de onda que polimeriza la capa superficial del lacado, creando un acabado ultrarresistente con caracter\u00edsticas \u00fanicas.<\/p>\n\n\n\n<p class=\"\">Gracias a esta tecnolog\u00eda, podemos ofrecer materiales con unos acabados de muy alta calidad, ideales para aplicaciones t\u00e9cnicas y est\u00e9ticas cada vez m\u00e1s exigentes.<\/p>\n<\/div>\n\n\n\n<div class=\"wp-block-column is-layout-flow wp-block-column-is-layout-flow\">\n<p class=\"\"><strong>Superficies<\/strong> con efecto superopaco <strong>Ultramatt<\/strong><\/p>\n\n\n\n<p class=\"\"><strong>Elevada resistencia a las rayaduras, al desgaste y a los agentes qu\u00edmicos<\/strong><\/p>\n\n\n\n<p class=\"\"><strong>Mayor duraci\u00f3n<\/strong>, gracias a una estructura superficial m\u00e1s densa y uniforme<\/p>\n\n\n\n<p class=\"\"><strong>Proceso compatible con el medioambiente<\/strong>, con un uso reducido de disolventes y menores emisiones<\/p>\n<\/div>\n<\/div>\n\n\n\n<div style=\"height:40px\" aria-hidden=\"true\" class=\"wp-block-spacer\"><\/div>\n<\/div>\n\n\n\n<div class=\"wp-block-cover\" style=\"min-height:100vh;aspect-ratio:unset;\"><img loading=\"lazy\" decoding=\"async\" width=\"2000\" height=\"1121\" class=\"wp-block-cover__image-background wp-image-1554 size-full\" alt=\"\" src=\"https:\/\/idek.it\/wp-content\/uploads\/2025\/05\/PANNELLI-SOLARI-IDEK-AdobeStock_981876189.jpg\" data-object-fit=\"cover\" srcset=\"https:\/\/idek.it\/wp-content\/uploads\/2025\/05\/PANNELLI-SOLARI-IDEK-AdobeStock_981876189.jpg 2000w, https:\/\/idek.it\/wp-content\/uploads\/2025\/05\/PANNELLI-SOLARI-IDEK-AdobeStock_981876189-300x168.jpg 300w, https:\/\/idek.it\/wp-content\/uploads\/2025\/05\/PANNELLI-SOLARI-IDEK-AdobeStock_981876189-1024x574.jpg 1024w, https:\/\/idek.it\/wp-content\/uploads\/2025\/05\/PANNELLI-SOLARI-IDEK-AdobeStock_981876189-768x430.jpg 768w, https:\/\/idek.it\/wp-content\/uploads\/2025\/05\/PANNELLI-SOLARI-IDEK-AdobeStock_981876189-1536x861.jpg 1536w\" sizes=\"auto, (max-width: 2000px) 100vw, 2000px\" \/><span aria-hidden=\"true\" class=\"wp-block-cover__background has-background-dim-0 has-background-dim\" style=\"background-color:#65829c\"><\/span><div class=\"wp-block-cover__inner-container has-global-padding is-layout-constrained wp-block-cover-is-layout-constrained\">\n<p class=\"has-text-align-center has-large-font-size\"><\/p>\n<\/div><\/div>\n","protected":false},"excerpt":{"rendered":"<p>LACADO UV EXCIMER Lacado UV Excimer En I.DEX, innovaci\u00f3n y tecnolog\u00eda se funden en nuestras avanzadas instalaciones de lacado para pel\u00edculas de pl\u00e1stico. Gracias a la tecnolog\u00eda UV Excimer en ambiente inerte, llevamos a cabo tratamientos de alto rendimiento, ideales para el sector del mueble y en la producci\u00f3n de l\u00e1minas frontales para placas solares [&hellip;]<\/p>\n","protected":false},"author":1,"featured_media":0,"parent":0,"menu_order":0,"comment_status":"closed","ping_status":"closed","template":"","meta":{"_acf_changed":false,"footnotes":""},"class_list":["post-2415","page","type-page","status-publish","hentry"],"yoast_head":"<!-- This site is optimized with the Yoast SEO plugin v25.3.1 - https:\/\/yoast.com\/wordpress\/plugins\/seo\/ -->\n<title>Tratamientos superficiales en pel\u00edculas de pl\u00e1stico - I-DEK<\/title>\n<meta name=\"robots\" content=\"index, follow, max-snippet:-1, max-image-preview:large, max-video-preview:-1\" \/>\n<link rel=\"canonical\" href=\"https:\/\/idek.it\/es\/tratamientos-superficiales-en-peliculas-de-plastico\/\" \/>\n<meta property=\"og:locale\" content=\"es_ES\" \/>\n<meta property=\"og:type\" content=\"article\" \/>\n<meta property=\"og:title\" content=\"Tratamientos superficiales en pel\u00edculas de pl\u00e1stico - I-DEK\" \/>\n<meta property=\"og:description\" content=\"LACADO UV EXCIMER Lacado UV Excimer En I.DEX, innovaci\u00f3n y tecnolog\u00eda se funden en nuestras avanzadas instalaciones de lacado para pel\u00edculas de pl\u00e1stico. Gracias a la tecnolog\u00eda UV Excimer en ambiente inerte, llevamos a cabo tratamientos de alto rendimiento, ideales para el sector del mueble y en la producci\u00f3n de l\u00e1minas frontales para placas solares [&hellip;]\" \/>\n<meta property=\"og:url\" content=\"https:\/\/idek.it\/es\/tratamientos-superficiales-en-peliculas-de-plastico\/\" \/>\n<meta property=\"og:site_name\" content=\"I-DEK\" \/>\n<meta property=\"article:modified_time\" content=\"2025-06-19T09:49:25+00:00\" \/>\n<meta property=\"og:image\" content=\"https:\/\/idek.it\/wp-content\/uploads\/2025\/04\/PANNELLI-FOTOVOLTAICI-AdobeStock_1216364139.jpg\" \/>\n\t<meta property=\"og:image:width\" content=\"2000\" \/>\n\t<meta property=\"og:image:height\" content=\"1333\" \/>\n\t<meta property=\"og:image:type\" content=\"image\/jpeg\" \/>\n<meta name=\"twitter:card\" content=\"summary_large_image\" \/>\n<meta name=\"twitter:label1\" content=\"Tiempo de lectura\" \/>\n\t<meta name=\"twitter:data1\" content=\"1 minuto\" \/>\n<script type=\"application\/ld+json\" class=\"yoast-schema-graph\">{\"@context\":\"https:\/\/schema.org\",\"@graph\":[{\"@type\":\"WebPage\",\"@id\":\"https:\/\/idek.it\/es\/tratamientos-superficiales-en-peliculas-de-plastico\/\",\"url\":\"https:\/\/idek.it\/es\/tratamientos-superficiales-en-peliculas-de-plastico\/\",\"name\":\"Tratamientos superficiales en pel\u00edculas de pl\u00e1stico - I-DEK\",\"isPartOf\":{\"@id\":\"https:\/\/idek.it\/es\/#website\"},\"primaryImageOfPage\":{\"@id\":\"https:\/\/idek.it\/es\/tratamientos-superficiales-en-peliculas-de-plastico\/#primaryimage\"},\"image\":{\"@id\":\"https:\/\/idek.it\/es\/tratamientos-superficiales-en-peliculas-de-plastico\/#primaryimage\"},\"thumbnailUrl\":\"https:\/\/idek.it\/wp-content\/uploads\/2025\/04\/PANNELLI-FOTOVOLTAICI-AdobeStock_1216364139.jpg\",\"datePublished\":\"2025-02-10T16:01:03+00:00\",\"dateModified\":\"2025-06-19T09:49:25+00:00\",\"breadcrumb\":{\"@id\":\"https:\/\/idek.it\/es\/tratamientos-superficiales-en-peliculas-de-plastico\/#breadcrumb\"},\"inLanguage\":\"es\",\"potentialAction\":[{\"@type\":\"ReadAction\",\"target\":[\"https:\/\/idek.it\/es\/tratamientos-superficiales-en-peliculas-de-plastico\/\"]}]},{\"@type\":\"ImageObject\",\"inLanguage\":\"es\",\"@id\":\"https:\/\/idek.it\/es\/tratamientos-superficiales-en-peliculas-de-plastico\/#primaryimage\",\"url\":\"https:\/\/idek.it\/wp-content\/uploads\/2025\/04\/PANNELLI-FOTOVOLTAICI-AdobeStock_1216364139.jpg\",\"contentUrl\":\"https:\/\/idek.it\/wp-content\/uploads\/2025\/04\/PANNELLI-FOTOVOLTAICI-AdobeStock_1216364139.jpg\"},{\"@type\":\"BreadcrumbList\",\"@id\":\"https:\/\/idek.it\/es\/tratamientos-superficiales-en-peliculas-de-plastico\/#breadcrumb\",\"itemListElement\":[{\"@type\":\"ListItem\",\"position\":1,\"name\":\"Home\",\"item\":\"https:\/\/idek.it\/es\/\"},{\"@type\":\"ListItem\",\"position\":2,\"name\":\"Tratamientos superficiales en pel\u00edculas de pl\u00e1stico\"}]},{\"@type\":\"WebSite\",\"@id\":\"https:\/\/idek.it\/es\/#website\",\"url\":\"https:\/\/idek.it\/es\/\",\"name\":\"I-DEK\",\"description\":\"Enhance Decoration\",\"publisher\":{\"@id\":\"https:\/\/idek.it\/es\/#organization\"},\"potentialAction\":[{\"@type\":\"SearchAction\",\"target\":{\"@type\":\"EntryPoint\",\"urlTemplate\":\"https:\/\/idek.it\/es\/?s={search_term_string}\"},\"query-input\":{\"@type\":\"PropertyValueSpecification\",\"valueRequired\":true,\"valueName\":\"search_term_string\"}}],\"inLanguage\":\"es\"},{\"@type\":\"Organization\",\"@id\":\"https:\/\/idek.it\/es\/#organization\",\"name\":\"I-DEK\",\"url\":\"https:\/\/idek.it\/es\/\",\"logo\":{\"@type\":\"ImageObject\",\"inLanguage\":\"es\",\"@id\":\"https:\/\/idek.it\/es\/#\/schema\/logo\/image\/\",\"url\":\"https:\/\/idek.it\/wp-content\/uploads\/2025\/01\/idek-logo-color.svg\",\"contentUrl\":\"https:\/\/idek.it\/wp-content\/uploads\/2025\/01\/idek-logo-color.svg\",\"width\":1,\"height\":1,\"caption\":\"I-DEK\"},\"image\":{\"@id\":\"https:\/\/idek.it\/es\/#\/schema\/logo\/image\/\"}}]}<\/script>\n<!-- \/ Yoast SEO plugin. -->","yoast_head_json":{"title":"Tratamientos superficiales en pel\u00edculas de pl\u00e1stico - I-DEK","robots":{"index":"index","follow":"follow","max-snippet":"max-snippet:-1","max-image-preview":"max-image-preview:large","max-video-preview":"max-video-preview:-1"},"canonical":"https:\/\/idek.it\/es\/tratamientos-superficiales-en-peliculas-de-plastico\/","og_locale":"es_ES","og_type":"article","og_title":"Tratamientos superficiales en pel\u00edculas de pl\u00e1stico - I-DEK","og_description":"LACADO UV EXCIMER Lacado UV Excimer En I.DEX, innovaci\u00f3n y tecnolog\u00eda se funden en nuestras avanzadas instalaciones de lacado para pel\u00edculas de pl\u00e1stico. Gracias a la tecnolog\u00eda UV Excimer en ambiente inerte, llevamos a cabo tratamientos de alto rendimiento, ideales para el sector del mueble y en la producci\u00f3n de l\u00e1minas frontales para placas solares [&hellip;]","og_url":"https:\/\/idek.it\/es\/tratamientos-superficiales-en-peliculas-de-plastico\/","og_site_name":"I-DEK","article_modified_time":"2025-06-19T09:49:25+00:00","og_image":[{"width":2000,"height":1333,"url":"https:\/\/idek.it\/wp-content\/uploads\/2025\/04\/PANNELLI-FOTOVOLTAICI-AdobeStock_1216364139.jpg","type":"image\/jpeg"}],"twitter_card":"summary_large_image","twitter_misc":{"Tiempo de lectura":"1 minuto"},"schema":{"@context":"https:\/\/schema.org","@graph":[{"@type":"WebPage","@id":"https:\/\/idek.it\/es\/tratamientos-superficiales-en-peliculas-de-plastico\/","url":"https:\/\/idek.it\/es\/tratamientos-superficiales-en-peliculas-de-plastico\/","name":"Tratamientos superficiales en pel\u00edculas de pl\u00e1stico - I-DEK","isPartOf":{"@id":"https:\/\/idek.it\/es\/#website"},"primaryImageOfPage":{"@id":"https:\/\/idek.it\/es\/tratamientos-superficiales-en-peliculas-de-plastico\/#primaryimage"},"image":{"@id":"https:\/\/idek.it\/es\/tratamientos-superficiales-en-peliculas-de-plastico\/#primaryimage"},"thumbnailUrl":"https:\/\/idek.it\/wp-content\/uploads\/2025\/04\/PANNELLI-FOTOVOLTAICI-AdobeStock_1216364139.jpg","datePublished":"2025-02-10T16:01:03+00:00","dateModified":"2025-06-19T09:49:25+00:00","breadcrumb":{"@id":"https:\/\/idek.it\/es\/tratamientos-superficiales-en-peliculas-de-plastico\/#breadcrumb"},"inLanguage":"es","potentialAction":[{"@type":"ReadAction","target":["https:\/\/idek.it\/es\/tratamientos-superficiales-en-peliculas-de-plastico\/"]}]},{"@type":"ImageObject","inLanguage":"es","@id":"https:\/\/idek.it\/es\/tratamientos-superficiales-en-peliculas-de-plastico\/#primaryimage","url":"https:\/\/idek.it\/wp-content\/uploads\/2025\/04\/PANNELLI-FOTOVOLTAICI-AdobeStock_1216364139.jpg","contentUrl":"https:\/\/idek.it\/wp-content\/uploads\/2025\/04\/PANNELLI-FOTOVOLTAICI-AdobeStock_1216364139.jpg"},{"@type":"BreadcrumbList","@id":"https:\/\/idek.it\/es\/tratamientos-superficiales-en-peliculas-de-plastico\/#breadcrumb","itemListElement":[{"@type":"ListItem","position":1,"name":"Home","item":"https:\/\/idek.it\/es\/"},{"@type":"ListItem","position":2,"name":"Tratamientos superficiales en pel\u00edculas de pl\u00e1stico"}]},{"@type":"WebSite","@id":"https:\/\/idek.it\/es\/#website","url":"https:\/\/idek.it\/es\/","name":"I-DEK","description":"Enhance Decoration","publisher":{"@id":"https:\/\/idek.it\/es\/#organization"},"potentialAction":[{"@type":"SearchAction","target":{"@type":"EntryPoint","urlTemplate":"https:\/\/idek.it\/es\/?s={search_term_string}"},"query-input":{"@type":"PropertyValueSpecification","valueRequired":true,"valueName":"search_term_string"}}],"inLanguage":"es"},{"@type":"Organization","@id":"https:\/\/idek.it\/es\/#organization","name":"I-DEK","url":"https:\/\/idek.it\/es\/","logo":{"@type":"ImageObject","inLanguage":"es","@id":"https:\/\/idek.it\/es\/#\/schema\/logo\/image\/","url":"https:\/\/idek.it\/wp-content\/uploads\/2025\/01\/idek-logo-color.svg","contentUrl":"https:\/\/idek.it\/wp-content\/uploads\/2025\/01\/idek-logo-color.svg","width":1,"height":1,"caption":"I-DEK"},"image":{"@id":"https:\/\/idek.it\/es\/#\/schema\/logo\/image\/"}}]}},"acf":[],"_links":{"self":[{"href":"https:\/\/idek.it\/es\/wp-json\/wp\/v2\/pages\/2415","targetHints":{"allow":["GET"]}}],"collection":[{"href":"https:\/\/idek.it\/es\/wp-json\/wp\/v2\/pages"}],"about":[{"href":"https:\/\/idek.it\/es\/wp-json\/wp\/v2\/types\/page"}],"author":[{"embeddable":true,"href":"https:\/\/idek.it\/es\/wp-json\/wp\/v2\/users\/1"}],"replies":[{"embeddable":true,"href":"https:\/\/idek.it\/es\/wp-json\/wp\/v2\/comments?post=2415"}],"version-history":[{"count":1,"href":"https:\/\/idek.it\/es\/wp-json\/wp\/v2\/pages\/2415\/revisions"}],"predecessor-version":[{"id":2417,"href":"https:\/\/idek.it\/es\/wp-json\/wp\/v2\/pages\/2415\/revisions\/2417"}],"wp:attachment":[{"href":"https:\/\/idek.it\/es\/wp-json\/wp\/v2\/media?parent=2415"}],"curies":[{"name":"wp","href":"https:\/\/api.w.org\/{rel}","templated":true}]}}