{"id":2422,"date":"2025-02-10T17:21:39","date_gmt":"2025-02-10T16:21:39","guid":{"rendered":"https:\/\/staging3.team99.it\/ricerca-e-sviluppo\/"},"modified":"2025-09-10T11:07:36","modified_gmt":"2025-09-10T10:07:36","slug":"investigacion-y-desarrollo","status":"publish","type":"page","link":"https:\/\/idek.it\/es\/investigacion-y-desarrollo\/","title":{"rendered":"Investigaci\u00f3n y desarrollo"},"content":{"rendered":"\n<div class=\"wp-block-cover has-custom-content-position is-position-bottom-left pattern-intro-pagina\" style=\"min-height:100vh;aspect-ratio:unset;\"><img loading=\"lazy\" decoding=\"async\" width=\"2000\" height=\"1331\" class=\"wp-block-cover__image-background wp-image-1367 size-full\" alt=\"\" src=\"https:\/\/idek.it\/wp-content\/uploads\/2025\/04\/GRT_3112-LR.jpg\" data-object-fit=\"cover\" srcset=\"https:\/\/idek.it\/wp-content\/uploads\/2025\/04\/GRT_3112-LR.jpg 2000w, https:\/\/idek.it\/wp-content\/uploads\/2025\/04\/GRT_3112-LR-300x200.jpg 300w, https:\/\/idek.it\/wp-content\/uploads\/2025\/04\/GRT_3112-LR-1024x681.jpg 1024w, https:\/\/idek.it\/wp-content\/uploads\/2025\/04\/GRT_3112-LR-768x511.jpg 768w, https:\/\/idek.it\/wp-content\/uploads\/2025\/04\/GRT_3112-LR-1536x1022.jpg 1536w\" sizes=\"auto, (max-width: 2000px) 100vw, 2000px\" \/><span aria-hidden=\"true\" class=\"wp-block-cover__background has-custom-nero-background-color has-background-dim-30 has-background-dim\"><\/span><div class=\"wp-block-cover__inner-container has-global-padding is-layout-constrained wp-block-cover-is-layout-constrained\">\n<h1 class=\"wp-block-heading has-titolo-giant-font-size\">Investigaci\u00f3n y desarrollo<\/h1>\n\n\n\n<p class=\"has-paragrafo-grande-font-size\">I+D: el futuro seg\u00fan I.DEK<\/p>\n\n\n\n<div style=\"height:40px\" aria-hidden=\"true\" class=\"wp-block-spacer\"><\/div>\n<\/div><\/div>\n\n\n\n<div class=\"wp-block-group pattern-intro-txt-img has-global-padding is-layout-constrained wp-block-group-is-layout-constrained\" style=\"padding-top:8vh;padding-bottom:0\">\n<p class=\"has-pretitolo-font-size\">INNOVACI\u00d3N Y CALIDAD<\/p>\n\n\n\n<p class=\"is-style-riempimento has-titolo-sezione-font-size\">En I.DEK, nuestro Departamento de I+D es el motor de la innovaci\u00f3n y de la calidad. Invertimos constantemente en nuevas tecnolog\u00edas y materiales para ofrecer soluciones cada vez m\u00e1s eficientes y en l\u00ednea con las exigencias del mercado.<\/p>\n\n\n\n<div style=\"height:60px\" aria-hidden=\"true\" class=\"wp-block-spacer\"><\/div>\n\n\n\n<figure class=\"wp-block-image size-full is-style-default\"><img loading=\"lazy\" decoding=\"async\" width=\"2000\" height=\"1333\" src=\"https:\/\/idek.it\/wp-content\/uploads\/2025\/04\/IDEK_DSC08853.jpg\" alt=\"\" class=\"wp-image-1255\" style=\"aspect-ratio:16\/9;object-fit:cover\" srcset=\"https:\/\/idek.it\/wp-content\/uploads\/2025\/04\/IDEK_DSC08853.jpg 2000w, https:\/\/idek.it\/wp-content\/uploads\/2025\/04\/IDEK_DSC08853-300x200.jpg 300w, https:\/\/idek.it\/wp-content\/uploads\/2025\/04\/IDEK_DSC08853-1024x682.jpg 1024w, https:\/\/idek.it\/wp-content\/uploads\/2025\/04\/IDEK_DSC08853-768x512.jpg 768w, https:\/\/idek.it\/wp-content\/uploads\/2025\/04\/IDEK_DSC08853-1536x1024.jpg 1536w\" sizes=\"auto, (max-width: 2000px) 100vw, 2000px\" \/><\/figure>\n<\/div>\n\n\n\n<div class=\"wp-block-group has-global-padding is-layout-constrained wp-block-group-is-layout-constrained\" style=\"padding-top:10vh;padding-bottom:10vh\">\n<div class=\"wp-block-group pattern-txt-img has-global-padding is-layout-constrained wp-block-group-is-layout-constrained\">\n<div class=\"wp-block-columns is-layout-flex wp-container-core-columns-is-layout-28f84493 wp-block-columns-is-layout-flex\">\n<div class=\"wp-block-column is-vertically-aligned-center is-layout-flow wp-block-column-is-layout-flow\">\n<div class=\"wp-block-group has-global-padding is-content-justification-left is-layout-constrained wp-container-core-group-is-layout-d5209ea4 wp-block-group-is-layout-constrained\">\n<h2 class=\"wp-block-heading has-titolo-sezione-font-size\">El equipo<\/h2>\n\n\n\n<p class=\"\">Nuestro equipo de expertos trabaja con entrega para desarrollar productos de vanguardia, someti\u00e9ndolos a rigurosas pruebas de control de calidad y recopilando valiosas observaciones de parte de los clientes, con el fin de mejorar continuamente nuestras propuestas.<\/p>\n<\/div>\n<\/div>\n\n\n\n<div class=\"wp-block-column is-layout-flow wp-block-column-is-layout-flow\">\n<figure class=\"wp-block-image size-full\"><img loading=\"lazy\" decoding=\"async\" width=\"2000\" height=\"1333\" src=\"https:\/\/idek.it\/wp-content\/uploads\/2025\/04\/IDEK_DSC09166-logo-LR.jpg\" alt=\"\" class=\"wp-image-1257\" style=\"aspect-ratio:1;object-fit:cover\" srcset=\"https:\/\/idek.it\/wp-content\/uploads\/2025\/04\/IDEK_DSC09166-logo-LR.jpg 2000w, https:\/\/idek.it\/wp-content\/uploads\/2025\/04\/IDEK_DSC09166-logo-LR-300x200.jpg 300w, https:\/\/idek.it\/wp-content\/uploads\/2025\/04\/IDEK_DSC09166-logo-LR-1024x682.jpg 1024w, https:\/\/idek.it\/wp-content\/uploads\/2025\/04\/IDEK_DSC09166-logo-LR-768x512.jpg 768w, https:\/\/idek.it\/wp-content\/uploads\/2025\/04\/IDEK_DSC09166-logo-LR-1536x1024.jpg 1536w\" sizes=\"auto, (max-width: 2000px) 100vw, 2000px\" \/><\/figure>\n<\/div>\n<\/div>\n<\/div>\n\n\n\n<div style=\"height:60px\" aria-hidden=\"true\" class=\"wp-block-spacer\"><\/div>\n\n\n\n<div class=\"wp-block-group pattern-txt-img has-global-padding is-layout-constrained wp-block-group-is-layout-constrained\">\n<div class=\"wp-block-columns are-vertically-aligned-center is-style-invert-columns-mobile is-layout-flex wp-container-core-columns-is-layout-28f84493 wp-block-columns-is-layout-flex\">\n<div class=\"wp-block-column is-vertically-aligned-center is-layout-flow wp-block-column-is-layout-flow\">\n<figure class=\"wp-block-image size-full\"><img loading=\"lazy\" decoding=\"async\" width=\"2000\" height=\"1333\" src=\"https:\/\/idek.it\/wp-content\/uploads\/2025\/04\/TEXTURE-LEGNO-AdobeStock_1046780684-LR.jpg\" alt=\"\" class=\"wp-image-1258\" style=\"aspect-ratio:1;object-fit:cover\" srcset=\"https:\/\/idek.it\/wp-content\/uploads\/2025\/04\/TEXTURE-LEGNO-AdobeStock_1046780684-LR.jpg 2000w, https:\/\/idek.it\/wp-content\/uploads\/2025\/04\/TEXTURE-LEGNO-AdobeStock_1046780684-LR-300x200.jpg 300w, https:\/\/idek.it\/wp-content\/uploads\/2025\/04\/TEXTURE-LEGNO-AdobeStock_1046780684-LR-1024x682.jpg 1024w, https:\/\/idek.it\/wp-content\/uploads\/2025\/04\/TEXTURE-LEGNO-AdobeStock_1046780684-LR-768x512.jpg 768w, https:\/\/idek.it\/wp-content\/uploads\/2025\/04\/TEXTURE-LEGNO-AdobeStock_1046780684-LR-1536x1024.jpg 1536w\" sizes=\"auto, (max-width: 2000px) 100vw, 2000px\" \/><\/figure>\n<\/div>\n\n\n\n<div class=\"wp-block-column is-vertically-aligned-center is-layout-flow wp-block-column-is-layout-flow\">\n<div class=\"wp-block-group has-global-padding is-content-justification-left is-layout-constrained wp-container-core-group-is-layout-6d733463 wp-block-group-is-layout-constrained\">\n<h2 class=\"wp-block-heading has-titolo-sezione-font-size\">Decoraciones personalizadas<\/h2>\n\n\n\n<p class=\"\">Con un enfoque centrado en la excelencia y en la sostenibilidad, nos comprometemos a superar las expectativas del sector, anticip\u00e1ndonos a las tendencias y ofreciendo soluciones innovadoras que contribuyen al \u00e9xito de nuestros colaboradores.<\/p>\n\n\n\n<p class=\"\">A nuestros mejores clientes, que trabajan siguiendo las normas internacionales de calidad establecidas por <strong>Qualicoat<\/strong> y <strong>Qualideco<\/strong>, despu\u00e9s de nuestra inspecci\u00f3n y comprobaci\u00f3n t\u00e9cnica de la buena calidad de la producci\u00f3n llevada a cabo en nuestros laboratorios, expedimos un certificado de <strong>\u201capproved decorator\u201d<\/strong>, o decorador acreditado.<\/p>\n\n\n\n<div style=\"height:20px\" aria-hidden=\"true\" class=\"wp-block-spacer\"><\/div>\n\n\n\n<div class=\"wp-block-buttons is-layout-flex wp-block-buttons-is-layout-flex\"><div class=\"wp-block-button\"><a class=\"wp-block-button__link wp-element-button\" href=\"https:\/\/idek.it\/es\/certificaciones\/\" data-hover=\"VER CERTIFICACIONES\"><span>VER CERTIFICACIONES<\/span><\/a><\/div><\/div>\n<\/div>\n<\/div>\n<\/div>\n<\/div>\n\n\n\n<div style=\"height:60px\" aria-hidden=\"true\" class=\"wp-block-spacer\"><\/div>\n\n\n\n<div class=\"wp-block-group pattern-txt-img has-global-padding is-layout-constrained wp-block-group-is-layout-constrained\">\n<div class=\"wp-block-columns is-layout-flex wp-container-core-columns-is-layout-28f84493 wp-block-columns-is-layout-flex\">\n<div class=\"wp-block-column is-vertically-aligned-center is-layout-flow wp-block-column-is-layout-flow\">\n<div class=\"wp-block-group has-global-padding is-content-justification-left is-layout-constrained wp-container-core-group-is-layout-d5209ea4 wp-block-group-is-layout-constrained\">\n<h2 class=\"wp-block-heading has-titolo-sezione-font-size\">Est\u00e9tica y sostenibilidad<\/h2>\n\n\n\n<p class=\"\">En I.DEK creemos que la sostenibilidad es el coraz\u00f3n del dise\u00f1o moderno. Cada una de nuestras soluciones para la pintura en polvo y la decoraci\u00f3n con efecto madera est\u00e1 pensada para una arquitectura que respeta el planeta sin perjuicio de la est\u00e9tica.<br>Gracias al uso de <strong>tintas<\/strong> y <strong>polvos ecol\u00f3gicos, reducimos al m\u00ednimo las emisiones de Compuestos Org\u00e1nicos Vol\u00e1tiles (COV)<\/strong>, mejorando la calidad del aire en interiores y creando espacios m\u00e1s sanos y confortables. Este compromiso no solo ayuda<br>a quienes se ocupan del proyecto a obtener cr\u00e9ditos para las certificaciones de edificio ecol\u00f3gico, sino que adem\u00e1s asegura un reducido impacto para el ambiente, contribuyendo a un futuro m\u00e1s sostenible.<br>Con I.DEK, sostenibilidad y calidad se funden en soluciones duraderas que valorizan cada proyecto.<\/p>\n<\/div>\n<\/div>\n\n\n\n<div class=\"wp-block-column is-layout-flow wp-block-column-is-layout-flow\">\n<figure class=\"wp-block-image size-full\"><img loading=\"lazy\" decoding=\"async\" width=\"2000\" height=\"1121\" src=\"https:\/\/idek.it\/wp-content\/uploads\/2025\/05\/PANNELLI-SOLARI-IDEK-AdobeStock_981876189.jpg\" alt=\"\" class=\"wp-image-1554\" style=\"aspect-ratio:1;object-fit:cover\" srcset=\"https:\/\/idek.it\/wp-content\/uploads\/2025\/05\/PANNELLI-SOLARI-IDEK-AdobeStock_981876189.jpg 2000w, https:\/\/idek.it\/wp-content\/uploads\/2025\/05\/PANNELLI-SOLARI-IDEK-AdobeStock_981876189-300x168.jpg 300w, https:\/\/idek.it\/wp-content\/uploads\/2025\/05\/PANNELLI-SOLARI-IDEK-AdobeStock_981876189-1024x574.jpg 1024w, https:\/\/idek.it\/wp-content\/uploads\/2025\/05\/PANNELLI-SOLARI-IDEK-AdobeStock_981876189-768x430.jpg 768w, https:\/\/idek.it\/wp-content\/uploads\/2025\/05\/PANNELLI-SOLARI-IDEK-AdobeStock_981876189-1536x861.jpg 1536w\" sizes=\"auto, (max-width: 2000px) 100vw, 2000px\" \/><\/figure>\n<\/div>\n<\/div>\n<\/div>\n<\/div>\n\n\n\n<div class=\"wp-block-cover\" style=\"min-height:100vh;aspect-ratio:unset;\"><img loading=\"lazy\" decoding=\"async\" width=\"1024\" height=\"741\" class=\"wp-block-cover__image-background wp-image-2122 size-large\" alt=\"\" src=\"https:\/\/idek.it\/wp-content\/uploads\/2025\/04\/ARCHIETETTURA-AdobeStock_387773594-1024x741.jpg\" data-object-fit=\"cover\" srcset=\"https:\/\/idek.it\/wp-content\/uploads\/2025\/04\/ARCHIETETTURA-AdobeStock_387773594-1024x741.jpg 1024w, https:\/\/idek.it\/wp-content\/uploads\/2025\/04\/ARCHIETETTURA-AdobeStock_387773594-300x217.jpg 300w, https:\/\/idek.it\/wp-content\/uploads\/2025\/04\/ARCHIETETTURA-AdobeStock_387773594-768x556.jpg 768w, https:\/\/idek.it\/wp-content\/uploads\/2025\/04\/ARCHIETETTURA-AdobeStock_387773594-1536x1112.jpg 1536w, https:\/\/idek.it\/wp-content\/uploads\/2025\/04\/ARCHIETETTURA-AdobeStock_387773594.jpg 2000w\" sizes=\"auto, (max-width: 1024px) 100vw, 1024px\" \/><span aria-hidden=\"true\" class=\"wp-block-cover__background has-background-dim-0 has-background-dim\" style=\"background-color:#7c7d88\"><\/span><div class=\"wp-block-cover__inner-container has-global-padding is-layout-constrained wp-block-cover-is-layout-constrained\">\n<p class=\"has-text-align-center has-large-font-size\"><\/p>\n<\/div><\/div>\n","protected":false},"excerpt":{"rendered":"<p>INNOVACI\u00d3N Y CALIDAD En I.DEK, nuestro Departamento de I+D es el motor de la innovaci\u00f3n y de la calidad. Invertimos constantemente en nuevas tecnolog\u00edas y materiales para ofrecer soluciones cada vez m\u00e1s eficientes y en l\u00ednea con las exigencias del mercado. El equipo Nuestro equipo de expertos trabaja con entrega para desarrollar productos de vanguardia, [&hellip;]<\/p>\n","protected":false},"author":1,"featured_media":0,"parent":0,"menu_order":0,"comment_status":"closed","ping_status":"closed","template":"","meta":{"_acf_changed":false,"footnotes":""},"class_list":["post-2422","page","type-page","status-publish","hentry"],"yoast_head":"<!-- This site is optimized with the Yoast SEO plugin v25.3.1 - https:\/\/yoast.com\/wordpress\/plugins\/seo\/ -->\n<title>Investigaci\u00f3n y desarrollo - I-DEK<\/title>\n<meta name=\"robots\" content=\"index, follow, max-snippet:-1, max-image-preview:large, max-video-preview:-1\" \/>\n<link rel=\"canonical\" href=\"https:\/\/idek.it\/es\/investigacion-y-desarrollo\/\" \/>\n<meta property=\"og:locale\" content=\"es_ES\" \/>\n<meta property=\"og:type\" content=\"article\" \/>\n<meta property=\"og:title\" content=\"Investigaci\u00f3n y desarrollo - I-DEK\" \/>\n<meta property=\"og:description\" content=\"INNOVACI\u00d3N Y CALIDAD En I.DEK, nuestro Departamento de I+D es el motor de la innovaci\u00f3n y de la calidad. Invertimos constantemente en nuevas tecnolog\u00edas y materiales para ofrecer soluciones cada vez m\u00e1s eficientes y en l\u00ednea con las exigencias del mercado. El equipo Nuestro equipo de expertos trabaja con entrega para desarrollar productos de vanguardia, [&hellip;]\" \/>\n<meta property=\"og:url\" content=\"https:\/\/idek.it\/es\/investigacion-y-desarrollo\/\" \/>\n<meta property=\"og:site_name\" content=\"I-DEK\" \/>\n<meta property=\"article:modified_time\" content=\"2025-09-10T10:07:36+00:00\" \/>\n<meta property=\"og:image\" content=\"https:\/\/idek.it\/wp-content\/uploads\/2025\/04\/GRT_3112-LR.jpg\" \/>\n\t<meta property=\"og:image:width\" content=\"2000\" \/>\n\t<meta property=\"og:image:height\" content=\"1331\" \/>\n\t<meta property=\"og:image:type\" content=\"image\/jpeg\" \/>\n<meta name=\"twitter:card\" content=\"summary_large_image\" \/>\n<meta name=\"twitter:label1\" content=\"Tiempo de lectura\" \/>\n\t<meta name=\"twitter:data1\" content=\"3 minutos\" \/>\n<script type=\"application\/ld+json\" class=\"yoast-schema-graph\">{\"@context\":\"https:\/\/schema.org\",\"@graph\":[{\"@type\":\"WebPage\",\"@id\":\"https:\/\/idek.it\/es\/investigacion-y-desarrollo\/\",\"url\":\"https:\/\/idek.it\/es\/investigacion-y-desarrollo\/\",\"name\":\"Investigaci\u00f3n y desarrollo - I-DEK\",\"isPartOf\":{\"@id\":\"https:\/\/idek.it\/es\/#website\"},\"primaryImageOfPage\":{\"@id\":\"https:\/\/idek.it\/es\/investigacion-y-desarrollo\/#primaryimage\"},\"image\":{\"@id\":\"https:\/\/idek.it\/es\/investigacion-y-desarrollo\/#primaryimage\"},\"thumbnailUrl\":\"https:\/\/idek.it\/wp-content\/uploads\/2025\/04\/GRT_3112-LR.jpg\",\"datePublished\":\"2025-02-10T16:21:39+00:00\",\"dateModified\":\"2025-09-10T10:07:36+00:00\",\"breadcrumb\":{\"@id\":\"https:\/\/idek.it\/es\/investigacion-y-desarrollo\/#breadcrumb\"},\"inLanguage\":\"es\",\"potentialAction\":[{\"@type\":\"ReadAction\",\"target\":[\"https:\/\/idek.it\/es\/investigacion-y-desarrollo\/\"]}]},{\"@type\":\"ImageObject\",\"inLanguage\":\"es\",\"@id\":\"https:\/\/idek.it\/es\/investigacion-y-desarrollo\/#primaryimage\",\"url\":\"https:\/\/idek.it\/wp-content\/uploads\/2025\/04\/GRT_3112-LR.jpg\",\"contentUrl\":\"https:\/\/idek.it\/wp-content\/uploads\/2025\/04\/GRT_3112-LR.jpg\"},{\"@type\":\"BreadcrumbList\",\"@id\":\"https:\/\/idek.it\/es\/investigacion-y-desarrollo\/#breadcrumb\",\"itemListElement\":[{\"@type\":\"ListItem\",\"position\":1,\"name\":\"Home\",\"item\":\"https:\/\/idek.it\/es\/\"},{\"@type\":\"ListItem\",\"position\":2,\"name\":\"Investigaci\u00f3n y desarrollo\"}]},{\"@type\":\"WebSite\",\"@id\":\"https:\/\/idek.it\/es\/#website\",\"url\":\"https:\/\/idek.it\/es\/\",\"name\":\"I-DEK\",\"description\":\"Enhance Decoration\",\"publisher\":{\"@id\":\"https:\/\/idek.it\/es\/#organization\"},\"potentialAction\":[{\"@type\":\"SearchAction\",\"target\":{\"@type\":\"EntryPoint\",\"urlTemplate\":\"https:\/\/idek.it\/es\/?s={search_term_string}\"},\"query-input\":{\"@type\":\"PropertyValueSpecification\",\"valueRequired\":true,\"valueName\":\"search_term_string\"}}],\"inLanguage\":\"es\"},{\"@type\":\"Organization\",\"@id\":\"https:\/\/idek.it\/es\/#organization\",\"name\":\"I-DEK\",\"url\":\"https:\/\/idek.it\/es\/\",\"logo\":{\"@type\":\"ImageObject\",\"inLanguage\":\"es\",\"@id\":\"https:\/\/idek.it\/es\/#\/schema\/logo\/image\/\",\"url\":\"https:\/\/idek.it\/wp-content\/uploads\/2025\/01\/idek-logo-color.svg\",\"contentUrl\":\"https:\/\/idek.it\/wp-content\/uploads\/2025\/01\/idek-logo-color.svg\",\"width\":1,\"height\":1,\"caption\":\"I-DEK\"},\"image\":{\"@id\":\"https:\/\/idek.it\/es\/#\/schema\/logo\/image\/\"}}]}<\/script>\n<!-- \/ Yoast SEO plugin. -->","yoast_head_json":{"title":"Investigaci\u00f3n y desarrollo - I-DEK","robots":{"index":"index","follow":"follow","max-snippet":"max-snippet:-1","max-image-preview":"max-image-preview:large","max-video-preview":"max-video-preview:-1"},"canonical":"https:\/\/idek.it\/es\/investigacion-y-desarrollo\/","og_locale":"es_ES","og_type":"article","og_title":"Investigaci\u00f3n y desarrollo - I-DEK","og_description":"INNOVACI\u00d3N Y CALIDAD En I.DEK, nuestro Departamento de I+D es el motor de la innovaci\u00f3n y de la calidad. Invertimos constantemente en nuevas tecnolog\u00edas y materiales para ofrecer soluciones cada vez m\u00e1s eficientes y en l\u00ednea con las exigencias del mercado. El equipo Nuestro equipo de expertos trabaja con entrega para desarrollar productos de vanguardia, [&hellip;]","og_url":"https:\/\/idek.it\/es\/investigacion-y-desarrollo\/","og_site_name":"I-DEK","article_modified_time":"2025-09-10T10:07:36+00:00","og_image":[{"width":2000,"height":1331,"url":"https:\/\/idek.it\/wp-content\/uploads\/2025\/04\/GRT_3112-LR.jpg","type":"image\/jpeg"}],"twitter_card":"summary_large_image","twitter_misc":{"Tiempo de lectura":"3 minutos"},"schema":{"@context":"https:\/\/schema.org","@graph":[{"@type":"WebPage","@id":"https:\/\/idek.it\/es\/investigacion-y-desarrollo\/","url":"https:\/\/idek.it\/es\/investigacion-y-desarrollo\/","name":"Investigaci\u00f3n y desarrollo - I-DEK","isPartOf":{"@id":"https:\/\/idek.it\/es\/#website"},"primaryImageOfPage":{"@id":"https:\/\/idek.it\/es\/investigacion-y-desarrollo\/#primaryimage"},"image":{"@id":"https:\/\/idek.it\/es\/investigacion-y-desarrollo\/#primaryimage"},"thumbnailUrl":"https:\/\/idek.it\/wp-content\/uploads\/2025\/04\/GRT_3112-LR.jpg","datePublished":"2025-02-10T16:21:39+00:00","dateModified":"2025-09-10T10:07:36+00:00","breadcrumb":{"@id":"https:\/\/idek.it\/es\/investigacion-y-desarrollo\/#breadcrumb"},"inLanguage":"es","potentialAction":[{"@type":"ReadAction","target":["https:\/\/idek.it\/es\/investigacion-y-desarrollo\/"]}]},{"@type":"ImageObject","inLanguage":"es","@id":"https:\/\/idek.it\/es\/investigacion-y-desarrollo\/#primaryimage","url":"https:\/\/idek.it\/wp-content\/uploads\/2025\/04\/GRT_3112-LR.jpg","contentUrl":"https:\/\/idek.it\/wp-content\/uploads\/2025\/04\/GRT_3112-LR.jpg"},{"@type":"BreadcrumbList","@id":"https:\/\/idek.it\/es\/investigacion-y-desarrollo\/#breadcrumb","itemListElement":[{"@type":"ListItem","position":1,"name":"Home","item":"https:\/\/idek.it\/es\/"},{"@type":"ListItem","position":2,"name":"Investigaci\u00f3n y desarrollo"}]},{"@type":"WebSite","@id":"https:\/\/idek.it\/es\/#website","url":"https:\/\/idek.it\/es\/","name":"I-DEK","description":"Enhance Decoration","publisher":{"@id":"https:\/\/idek.it\/es\/#organization"},"potentialAction":[{"@type":"SearchAction","target":{"@type":"EntryPoint","urlTemplate":"https:\/\/idek.it\/es\/?s={search_term_string}"},"query-input":{"@type":"PropertyValueSpecification","valueRequired":true,"valueName":"search_term_string"}}],"inLanguage":"es"},{"@type":"Organization","@id":"https:\/\/idek.it\/es\/#organization","name":"I-DEK","url":"https:\/\/idek.it\/es\/","logo":{"@type":"ImageObject","inLanguage":"es","@id":"https:\/\/idek.it\/es\/#\/schema\/logo\/image\/","url":"https:\/\/idek.it\/wp-content\/uploads\/2025\/01\/idek-logo-color.svg","contentUrl":"https:\/\/idek.it\/wp-content\/uploads\/2025\/01\/idek-logo-color.svg","width":1,"height":1,"caption":"I-DEK"},"image":{"@id":"https:\/\/idek.it\/es\/#\/schema\/logo\/image\/"}}]}},"acf":[],"_links":{"self":[{"href":"https:\/\/idek.it\/es\/wp-json\/wp\/v2\/pages\/2422","targetHints":{"allow":["GET"]}}],"collection":[{"href":"https:\/\/idek.it\/es\/wp-json\/wp\/v2\/pages"}],"about":[{"href":"https:\/\/idek.it\/es\/wp-json\/wp\/v2\/types\/page"}],"author":[{"embeddable":true,"href":"https:\/\/idek.it\/es\/wp-json\/wp\/v2\/users\/1"}],"replies":[{"embeddable":true,"href":"https:\/\/idek.it\/es\/wp-json\/wp\/v2\/comments?post=2422"}],"version-history":[{"count":4,"href":"https:\/\/idek.it\/es\/wp-json\/wp\/v2\/pages\/2422\/revisions"}],"predecessor-version":[{"id":3240,"href":"https:\/\/idek.it\/es\/wp-json\/wp\/v2\/pages\/2422\/revisions\/3240"}],"wp:attachment":[{"href":"https:\/\/idek.it\/es\/wp-json\/wp\/v2\/media?parent=2422"}],"curies":[{"name":"wp","href":"https:\/\/api.w.org\/{rel}","templated":true}]}}