{"id":2449,"date":"2025-04-11T11:02:06","date_gmt":"2025-04-11T10:02:06","guid":{"rendered":"https:\/\/staging3.team99.it\/certificazioni\/"},"modified":"2025-06-24T14:42:17","modified_gmt":"2025-06-24T13:42:17","slug":"certificaciones","status":"publish","type":"page","link":"https:\/\/idek.it\/es\/certificaciones\/","title":{"rendered":"Certificaciones"},"content":{"rendered":"\n<div class=\"wp-block-cover has-custom-content-position is-position-bottom-left pattern-intro-pagina\" style=\"min-height:100vh;aspect-ratio:unset;\"><img loading=\"lazy\" decoding=\"async\" width=\"2000\" height=\"1333\" class=\"wp-block-cover__image-background wp-image-1278\" alt=\"\" src=\"https:\/\/idek.it\/wp-content\/uploads\/2025\/04\/IDEK_DSC08595.jpg\" data-object-fit=\"cover\" srcset=\"https:\/\/idek.it\/wp-content\/uploads\/2025\/04\/IDEK_DSC08595.jpg 2000w, https:\/\/idek.it\/wp-content\/uploads\/2025\/04\/IDEK_DSC08595-300x200.jpg 300w, https:\/\/idek.it\/wp-content\/uploads\/2025\/04\/IDEK_DSC08595-1024x682.jpg 1024w, https:\/\/idek.it\/wp-content\/uploads\/2025\/04\/IDEK_DSC08595-768x512.jpg 768w, https:\/\/idek.it\/wp-content\/uploads\/2025\/04\/IDEK_DSC08595-1536x1024.jpg 1536w\" sizes=\"auto, (max-width: 2000px) 100vw, 2000px\" \/><span aria-hidden=\"true\" class=\"wp-block-cover__background has-custom-nero-background-color has-background-dim-20 has-background-dim\"><\/span><div class=\"wp-block-cover__inner-container has-global-padding is-layout-constrained wp-block-cover-is-layout-constrained\">\n<h1 class=\"wp-block-heading has-titolo-giant-font-size\">Certificaciones<\/h1>\n\n\n\n<p class=\"has-paragrafo-grande-font-size\">Certificamos nuestro saber hacer<\/p>\n\n\n\n<div style=\"height:40px\" aria-hidden=\"true\" class=\"wp-block-spacer\"><\/div>\n<\/div><\/div>\n\n\n\n<div class=\"wp-block-group pattern-intro-txt-img has-global-padding is-layout-constrained wp-block-group-is-layout-constrained\" style=\"padding-top:8vh;padding-bottom:0\">\n<p class=\"has-pretitolo-font-size\">CERTIFICACIONES<\/p>\n\n\n\n<p class=\"is-style-default has-titolo-sezione-font-size\">Certificaciones<\/p>\n\n\n\n<div style=\"height:60px\" aria-hidden=\"true\" class=\"wp-block-spacer\"><\/div>\n\n\n\n<div class=\"wp-block-columns is-layout-flex wp-container-core-columns-is-layout-28f84493 wp-block-columns-is-layout-flex\">\n<div class=\"wp-block-column is-layout-flow wp-block-column-is-layout-flow\">\n<p class=\"\">En I.DEK, la belleza de las superficies va de la mano de su resistencia a lo largo del tiempo. <strong>Nuestros productos est\u00e1n dise\u00f1ados para aunar una est\u00e9tica sofisticada y prestaciones superiores<\/strong>, gracias a tecnolog\u00edas innovadoras y materiales de alta calidad.<br><br>Cada acabado es sometido a rigurosas pruebas de resistencia, incluidos los ciclos de envejecimiento acelerado hasta 2500 horas y pruebas en condiciones ambientales extremas, como la exposici\u00f3n a climas severos.<\/p>\n<\/div>\n\n\n\n<div class=\"wp-block-column is-layout-flow wp-block-column-is-layout-flow\">\n<p class=\"\"><strong>Estos procesos garantizan una durabilidad hasta tres veces superior respecto a los acabados tradicionales<\/strong>, haciendo que nuestros productos resulten ideales en aplicaciones que requieren resistencia a los agentes atmosf\u00e9ricos y al desgaste, sin perjuicio de la est\u00e9tica.<\/p>\n<\/div>\n<\/div>\n\n\n\n<div style=\"height:60px\" aria-hidden=\"true\" class=\"wp-block-spacer\"><\/div>\n\n\n\n<figure class=\"wp-block-image size-full is-style-default\"><img loading=\"lazy\" decoding=\"async\" width=\"2000\" height=\"1333\" src=\"https:\/\/idek.it\/wp-content\/uploads\/2025\/04\/GRT_3149-LR.jpg\" alt=\"\" class=\"wp-image-1277\" style=\"aspect-ratio:16\/9;object-fit:cover\" srcset=\"https:\/\/idek.it\/wp-content\/uploads\/2025\/04\/GRT_3149-LR.jpg 2000w, https:\/\/idek.it\/wp-content\/uploads\/2025\/04\/GRT_3149-LR-300x200.jpg 300w, https:\/\/idek.it\/wp-content\/uploads\/2025\/04\/GRT_3149-LR-1024x682.jpg 1024w, https:\/\/idek.it\/wp-content\/uploads\/2025\/04\/GRT_3149-LR-768x512.jpg 768w, https:\/\/idek.it\/wp-content\/uploads\/2025\/04\/GRT_3149-LR-1536x1024.jpg 1536w\" sizes=\"auto, (max-width: 2000px) 100vw, 2000px\" \/><\/figure>\n<\/div>\n\n\n\n<div class=\"wp-block-group t99-sezione pattern-elenco-foto has-global-padding is-layout-constrained wp-block-group-is-layout-constrained\" style=\"padding-top:8vh;padding-bottom:8vh\">\n<div class=\"wp-block-group has-global-padding is-layout-constrained wp-block-group-is-layout-constrained\">\n<hr class=\"wp-block-separator has-alpha-channel-opacity is-style-wide\" style=\"margin-bottom:20px\"\/>\n\n\n\n<div class=\"wp-block-group riga-pagine-servizi is-content-justification-space-between is-nowrap is-layout-flex wp-container-core-group-is-layout-809edb75 wp-block-group-is-layout-flex\">\n<div class=\"wp-block-group has-global-padding is-layout-constrained wp-block-group-is-layout-constrained\">\n<div class=\"wp-block-columns is-layout-flex wp-container-core-columns-is-layout-9c22b1e3 wp-block-columns-is-layout-flex\">\n<div class=\"wp-block-column is-layout-flow wp-block-column-is-layout-flow\" style=\"flex-basis:60px\">\n<div class=\"wp-block-group has-global-padding is-content-justification-left is-layout-constrained wp-container-core-group-is-layout-12dd3699 wp-block-group-is-layout-constrained\">\n<p class=\"has-numero-small-font-size\">[01]<\/p>\n<\/div>\n<\/div>\n\n\n\n<div class=\"wp-block-column is-layout-flow wp-block-column-is-layout-flow\" style=\"flex-basis:100%\">\n<h2 class=\"wp-block-heading has-titolo-sezione-font-size\">AITAL<\/h2>\n\n\n\n<div class=\"wp-block-group has-global-padding is-content-justification-left is-layout-constrained wp-container-core-group-is-layout-d5209ea4 wp-block-group-is-layout-constrained\">\n<p class=\"\">Aital es la Asociaci\u00f3n Italiana de Tratamientos Superficiales del Aluminio y cuenta entre sus socios con empresas del sector de los tratamientos superficiales del aluminio (oxidaci\u00f3n an\u00f3dica y pintura) y empresas que trabajan el aluminio interesadas en dichos tratamientos.<\/p>\n<\/div>\n\n\n\n<div style=\"height:20px\" aria-hidden=\"true\" class=\"wp-block-spacer\"><\/div>\n<\/div>\n<\/div>\n<\/div>\n\n\n\n<div class=\"wp-block-group is-style-mobile-100 is-layout-flow wp-block-group-is-layout-flow\">\n<div class=\"wp-block-group gruppo-immagine-pagine-servizi is-style-mobile-100 has-global-padding is-layout-constrained wp-container-core-group-is-layout-731c369d wp-block-group-is-layout-constrained\">\n<figure class=\"wp-block-image size-full is-style-width-100\"><img loading=\"lazy\" decoding=\"async\" width=\"800\" height=\"800\" src=\"https:\/\/idek.it\/wp-content\/uploads\/2025\/04\/Logo-Aital.png\" alt=\"\" class=\"wp-image-1280\" style=\"aspect-ratio:1;object-fit:cover\" srcset=\"https:\/\/idek.it\/wp-content\/uploads\/2025\/04\/Logo-Aital.png 800w, https:\/\/idek.it\/wp-content\/uploads\/2025\/04\/Logo-Aital-300x300.png 300w, https:\/\/idek.it\/wp-content\/uploads\/2025\/04\/Logo-Aital-150x150.png 150w, https:\/\/idek.it\/wp-content\/uploads\/2025\/04\/Logo-Aital-768x768.png 768w\" sizes=\"auto, (max-width: 800px) 100vw, 800px\" \/><\/figure>\n<\/div>\n<\/div>\n<\/div>\n\n\n\n<div style=\"height:20px\" aria-hidden=\"true\" class=\"wp-block-spacer\"><\/div>\n<\/div>\n\n\n\n<div class=\"wp-block-group has-global-padding is-layout-constrained wp-block-group-is-layout-constrained\">\n<hr class=\"wp-block-separator has-alpha-channel-opacity is-style-wide\" style=\"margin-bottom:20px\"\/>\n\n\n\n<div class=\"wp-block-group riga-pagine-servizi is-content-justification-space-between is-nowrap is-layout-flex wp-container-core-group-is-layout-809edb75 wp-block-group-is-layout-flex\">\n<div class=\"wp-block-group has-global-padding is-layout-constrained wp-block-group-is-layout-constrained\">\n<div class=\"wp-block-columns is-layout-flex wp-container-core-columns-is-layout-9c22b1e3 wp-block-columns-is-layout-flex\">\n<div class=\"wp-block-column is-layout-flow wp-block-column-is-layout-flow\" style=\"flex-basis:60px\">\n<div class=\"wp-block-group has-global-padding is-content-justification-left is-layout-constrained wp-container-core-group-is-layout-12dd3699 wp-block-group-is-layout-constrained\">\n<p class=\"has-numero-small-font-size\">[02]<\/p>\n<\/div>\n<\/div>\n\n\n\n<div class=\"wp-block-column is-layout-flow wp-block-column-is-layout-flow\" style=\"flex-basis:100%\">\n<h2 class=\"wp-block-heading has-titolo-sezione-font-size\">QUALIDECO<\/h2>\n\n\n\n<div class=\"wp-block-group has-global-padding is-content-justification-left is-layout-constrained wp-container-core-group-is-layout-d5209ea4 wp-block-group-is-layout-constrained\">\n<p class=\"\">Qualideco es un sello de calidad para los acabados decorativos obtenidos mediante tecnolog\u00edas de sublimaci\u00f3n, de pintura polvo sobre polvo y de tampograf\u00eda rotativa (\u00abhorizon\u00bb). El sello Qualideco indica que el producto es apto para su uso en exteriores y garantiza que la instalaci\u00f3n de decoraci\u00f3n, as\u00ed como un fabricante de pel\u00edculas y de productos pintados, se ajustan a los requisitos previstos.<\/p>\n<\/div>\n\n\n\n<div style=\"height:20px\" aria-hidden=\"true\" class=\"wp-block-spacer\"><\/div>\n<\/div>\n<\/div>\n<\/div>\n\n\n\n<div class=\"wp-block-group is-style-mobile-100 is-layout-flow wp-block-group-is-layout-flow\">\n<div class=\"wp-block-group gruppo-immagine-pagine-servizi is-style-mobile-100 has-global-padding is-layout-constrained wp-container-core-group-is-layout-731c369d wp-block-group-is-layout-constrained\">\n<figure class=\"wp-block-image size-full is-style-width-100\"><img loading=\"lazy\" decoding=\"async\" width=\"800\" height=\"800\" src=\"https:\/\/idek.it\/wp-content\/uploads\/2025\/04\/LOGO-QUALICOAT-2025.jpg\" alt=\"\" class=\"wp-image-1415\" style=\"aspect-ratio:1;object-fit:cover\" srcset=\"https:\/\/idek.it\/wp-content\/uploads\/2025\/04\/LOGO-QUALICOAT-2025.jpg 800w, https:\/\/idek.it\/wp-content\/uploads\/2025\/04\/LOGO-QUALICOAT-2025-300x300.jpg 300w, https:\/\/idek.it\/wp-content\/uploads\/2025\/04\/LOGO-QUALICOAT-2025-150x150.jpg 150w, https:\/\/idek.it\/wp-content\/uploads\/2025\/04\/LOGO-QUALICOAT-2025-768x768.jpg 768w\" sizes=\"auto, (max-width: 800px) 100vw, 800px\" \/><\/figure>\n<\/div>\n<\/div>\n<\/div>\n\n\n\n<div style=\"height:20px\" aria-hidden=\"true\" class=\"wp-block-spacer\"><\/div>\n<\/div>\n\n\n\n<div class=\"wp-block-group has-global-padding is-layout-constrained wp-block-group-is-layout-constrained\">\n<hr class=\"wp-block-separator has-alpha-channel-opacity is-style-wide\" style=\"margin-bottom:20px\"\/>\n\n\n\n<div class=\"wp-block-group riga-pagine-servizi is-content-justification-space-between is-nowrap is-layout-flex wp-container-core-group-is-layout-08452b77 wp-block-group-is-layout-flex\" style=\"padding-top:var(--wp--preset--spacing--20);padding-bottom:var(--wp--preset--spacing--20)\">\n<div class=\"wp-block-group has-global-padding is-layout-constrained wp-block-group-is-layout-constrained\">\n<div class=\"wp-block-columns is-layout-flex wp-container-core-columns-is-layout-9c22b1e3 wp-block-columns-is-layout-flex\">\n<div class=\"wp-block-column is-layout-flow wp-block-column-is-layout-flow\" style=\"flex-basis:60px\">\n<div class=\"wp-block-group has-global-padding is-content-justification-left is-layout-constrained wp-container-core-group-is-layout-12dd3699 wp-block-group-is-layout-constrained\">\n<p class=\"has-numero-small-font-size\">[03]<\/p>\n<\/div>\n<\/div>\n\n\n\n<div class=\"wp-block-column is-layout-flow wp-block-column-is-layout-flow\" style=\"flex-basis:100%\">\n<h2 class=\"wp-block-heading has-titolo-sezione-font-size\">FF-005<\/h2>\n\n\n\n<div class=\"wp-block-group has-global-padding is-content-justification-left is-layout-constrained wp-container-core-group-is-layout-d5209ea4 wp-block-group-is-layout-constrained\">\n<p class=\"\">Film Supplier<\/p>\n\n\n\n<div class=\"wp-block-buttons is-layout-flex wp-block-buttons-is-layout-flex\"><div class=\"wp-block-button\"><a class=\"wp-block-button__link wp-element-button\" href=\"\/wp-content\/uploads\/2025\/06\/FS-005.pdf\" target=\"_blank\" rel=\"noreferrer noopener\" data-hover=\"Descargar certificado\"><span>Descargar certificado<\/span><\/a><\/div><\/div>\n<\/div>\n\n\n\n<div style=\"height:20px\" aria-hidden=\"true\" class=\"wp-block-spacer\"><\/div>\n<\/div>\n<\/div>\n<\/div>\n\n\n\n<div class=\"wp-block-group is-style-mobile-100 is-layout-flow wp-block-group-is-layout-flow\">\n<div class=\"wp-block-group gruppo-immagine-pagine-servizi is-style-mobile-100 has-global-padding is-layout-constrained wp-container-core-group-is-layout-731c369d wp-block-group-is-layout-constrained\"><\/div>\n<\/div>\n<\/div>\n\n\n\n<div style=\"height:20px\" aria-hidden=\"true\" class=\"wp-block-spacer\"><\/div>\n<\/div>\n\n\n\n<div class=\"wp-block-group has-global-padding is-layout-constrained wp-block-group-is-layout-constrained\">\n<hr class=\"wp-block-separator has-alpha-channel-opacity is-style-wide\" style=\"margin-bottom:20px\"\/>\n\n\n\n<div class=\"wp-block-group riga-pagine-servizi is-content-justification-space-between is-nowrap is-layout-flex wp-container-core-group-is-layout-08452b77 wp-block-group-is-layout-flex\" style=\"padding-top:var(--wp--preset--spacing--20);padding-bottom:var(--wp--preset--spacing--20)\">\n<div class=\"wp-block-group has-global-padding is-layout-constrained wp-block-group-is-layout-constrained\">\n<div class=\"wp-block-columns is-layout-flex wp-container-core-columns-is-layout-9c22b1e3 wp-block-columns-is-layout-flex\">\n<div class=\"wp-block-column is-layout-flow wp-block-column-is-layout-flow\" style=\"flex-basis:60px\">\n<div class=\"wp-block-group has-global-padding is-content-justification-left is-layout-constrained wp-container-core-group-is-layout-12dd3699 wp-block-group-is-layout-constrained\">\n<p class=\"has-numero-small-font-size\">[04]<\/p>\n<\/div>\n<\/div>\n\n\n\n<div class=\"wp-block-column is-layout-flow wp-block-column-is-layout-flow\" style=\"flex-basis:100%\">\n<h2 class=\"wp-block-heading has-titolo-sezione-font-size\">PS-033<\/h2>\n\n\n\n<div class=\"wp-block-group has-global-padding is-content-justification-left is-layout-constrained wp-container-core-group-is-layout-d5209ea4 wp-block-group-is-layout-constrained\">\n<p class=\"\">Powder Supplier<\/p>\n\n\n\n<div class=\"wp-block-buttons is-layout-flex wp-block-buttons-is-layout-flex\"><div class=\"wp-block-button\"><a class=\"wp-block-button__link wp-element-button\" href=\"\/wp-content\/uploads\/2025\/06\/PS-033.pdf\" target=\"_blank\" rel=\"noreferrer noopener\" data-hover=\"Descargar certificado\"><span>Descargar certificado<\/span><\/a><\/div><\/div>\n<\/div>\n\n\n\n<div style=\"height:20px\" aria-hidden=\"true\" class=\"wp-block-spacer\"><\/div>\n<\/div>\n<\/div>\n<\/div>\n\n\n\n<div class=\"wp-block-group is-style-mobile-100 is-layout-flow wp-block-group-is-layout-flow\">\n<div class=\"wp-block-group gruppo-immagine-pagine-servizi is-style-mobile-100 has-global-padding is-layout-constrained wp-container-core-group-is-layout-731c369d wp-block-group-is-layout-constrained\"><\/div>\n<\/div>\n<\/div>\n\n\n\n<div style=\"height:20px\" aria-hidden=\"true\" class=\"wp-block-spacer\"><\/div>\n<\/div>\n<\/div>\n","protected":false},"excerpt":{"rendered":"<p>CERTIFICACIONES Certificaciones En I.DEK, la belleza de las superficies va de la mano de su resistencia a lo largo del tiempo. Nuestros productos est\u00e1n dise\u00f1ados para aunar una est\u00e9tica sofisticada y prestaciones superiores, gracias a tecnolog\u00edas innovadoras y materiales de alta calidad. Cada acabado es sometido a rigurosas pruebas de resistencia, incluidos los ciclos de [&hellip;]<\/p>\n","protected":false},"author":1,"featured_media":0,"parent":0,"menu_order":0,"comment_status":"closed","ping_status":"closed","template":"","meta":{"_acf_changed":false,"footnotes":""},"class_list":["post-2449","page","type-page","status-publish","hentry"],"yoast_head":"<!-- This site is optimized with the Yoast SEO plugin v25.3.1 - https:\/\/yoast.com\/wordpress\/plugins\/seo\/ -->\n<title>Certificaciones - I-DEK<\/title>\n<meta name=\"robots\" content=\"index, follow, max-snippet:-1, max-image-preview:large, max-video-preview:-1\" \/>\n<link rel=\"canonical\" href=\"https:\/\/idek.it\/es\/certificaciones\/\" \/>\n<meta property=\"og:locale\" content=\"es_ES\" \/>\n<meta property=\"og:type\" content=\"article\" \/>\n<meta property=\"og:title\" content=\"Certificaciones - I-DEK\" \/>\n<meta property=\"og:description\" content=\"CERTIFICACIONES Certificaciones En I.DEK, la belleza de las superficies va de la mano de su resistencia a lo largo del tiempo. Nuestros productos est\u00e1n dise\u00f1ados para aunar una est\u00e9tica sofisticada y prestaciones superiores, gracias a tecnolog\u00edas innovadoras y materiales de alta calidad. Cada acabado es sometido a rigurosas pruebas de resistencia, incluidos los ciclos de [&hellip;]\" \/>\n<meta property=\"og:url\" content=\"https:\/\/idek.it\/es\/certificaciones\/\" \/>\n<meta property=\"og:site_name\" content=\"I-DEK\" \/>\n<meta property=\"article:modified_time\" content=\"2025-06-24T13:42:17+00:00\" \/>\n<meta property=\"og:image\" content=\"https:\/\/idek.it\/wp-content\/uploads\/2025\/04\/IDEK_DSC08595.jpg\" \/>\n\t<meta property=\"og:image:width\" content=\"2000\" \/>\n\t<meta property=\"og:image:height\" content=\"1333\" \/>\n\t<meta property=\"og:image:type\" content=\"image\/jpeg\" \/>\n<meta name=\"twitter:card\" content=\"summary_large_image\" \/>\n<meta name=\"twitter:label1\" content=\"Tiempo de lectura\" \/>\n\t<meta name=\"twitter:data1\" content=\"1 minuto\" \/>\n<script type=\"application\/ld+json\" class=\"yoast-schema-graph\">{\"@context\":\"https:\/\/schema.org\",\"@graph\":[{\"@type\":\"WebPage\",\"@id\":\"https:\/\/idek.it\/es\/certificaciones\/\",\"url\":\"https:\/\/idek.it\/es\/certificaciones\/\",\"name\":\"Certificaciones - I-DEK\",\"isPartOf\":{\"@id\":\"https:\/\/idek.it\/es\/#website\"},\"primaryImageOfPage\":{\"@id\":\"https:\/\/idek.it\/es\/certificaciones\/#primaryimage\"},\"image\":{\"@id\":\"https:\/\/idek.it\/es\/certificaciones\/#primaryimage\"},\"thumbnailUrl\":\"https:\/\/idek.it\/wp-content\/uploads\/2025\/04\/IDEK_DSC08595.jpg\",\"datePublished\":\"2025-04-11T10:02:06+00:00\",\"dateModified\":\"2025-06-24T13:42:17+00:00\",\"breadcrumb\":{\"@id\":\"https:\/\/idek.it\/es\/certificaciones\/#breadcrumb\"},\"inLanguage\":\"es\",\"potentialAction\":[{\"@type\":\"ReadAction\",\"target\":[\"https:\/\/idek.it\/es\/certificaciones\/\"]}]},{\"@type\":\"ImageObject\",\"inLanguage\":\"es\",\"@id\":\"https:\/\/idek.it\/es\/certificaciones\/#primaryimage\",\"url\":\"https:\/\/idek.it\/wp-content\/uploads\/2025\/04\/IDEK_DSC08595.jpg\",\"contentUrl\":\"https:\/\/idek.it\/wp-content\/uploads\/2025\/04\/IDEK_DSC08595.jpg\"},{\"@type\":\"BreadcrumbList\",\"@id\":\"https:\/\/idek.it\/es\/certificaciones\/#breadcrumb\",\"itemListElement\":[{\"@type\":\"ListItem\",\"position\":1,\"name\":\"Home\",\"item\":\"https:\/\/idek.it\/es\/\"},{\"@type\":\"ListItem\",\"position\":2,\"name\":\"Certificaciones\"}]},{\"@type\":\"WebSite\",\"@id\":\"https:\/\/idek.it\/es\/#website\",\"url\":\"https:\/\/idek.it\/es\/\",\"name\":\"I-DEK\",\"description\":\"Enhance Decoration\",\"publisher\":{\"@id\":\"https:\/\/idek.it\/es\/#organization\"},\"potentialAction\":[{\"@type\":\"SearchAction\",\"target\":{\"@type\":\"EntryPoint\",\"urlTemplate\":\"https:\/\/idek.it\/es\/?s={search_term_string}\"},\"query-input\":{\"@type\":\"PropertyValueSpecification\",\"valueRequired\":true,\"valueName\":\"search_term_string\"}}],\"inLanguage\":\"es\"},{\"@type\":\"Organization\",\"@id\":\"https:\/\/idek.it\/es\/#organization\",\"name\":\"I-DEK\",\"url\":\"https:\/\/idek.it\/es\/\",\"logo\":{\"@type\":\"ImageObject\",\"inLanguage\":\"es\",\"@id\":\"https:\/\/idek.it\/es\/#\/schema\/logo\/image\/\",\"url\":\"https:\/\/idek.it\/wp-content\/uploads\/2025\/01\/idek-logo-color.svg\",\"contentUrl\":\"https:\/\/idek.it\/wp-content\/uploads\/2025\/01\/idek-logo-color.svg\",\"width\":1,\"height\":1,\"caption\":\"I-DEK\"},\"image\":{\"@id\":\"https:\/\/idek.it\/es\/#\/schema\/logo\/image\/\"}}]}<\/script>\n<!-- \/ Yoast SEO plugin. -->","yoast_head_json":{"title":"Certificaciones - I-DEK","robots":{"index":"index","follow":"follow","max-snippet":"max-snippet:-1","max-image-preview":"max-image-preview:large","max-video-preview":"max-video-preview:-1"},"canonical":"https:\/\/idek.it\/es\/certificaciones\/","og_locale":"es_ES","og_type":"article","og_title":"Certificaciones - I-DEK","og_description":"CERTIFICACIONES Certificaciones En I.DEK, la belleza de las superficies va de la mano de su resistencia a lo largo del tiempo. Nuestros productos est\u00e1n dise\u00f1ados para aunar una est\u00e9tica sofisticada y prestaciones superiores, gracias a tecnolog\u00edas innovadoras y materiales de alta calidad. Cada acabado es sometido a rigurosas pruebas de resistencia, incluidos los ciclos de [&hellip;]","og_url":"https:\/\/idek.it\/es\/certificaciones\/","og_site_name":"I-DEK","article_modified_time":"2025-06-24T13:42:17+00:00","og_image":[{"width":2000,"height":1333,"url":"https:\/\/idek.it\/wp-content\/uploads\/2025\/04\/IDEK_DSC08595.jpg","type":"image\/jpeg"}],"twitter_card":"summary_large_image","twitter_misc":{"Tiempo de lectura":"1 minuto"},"schema":{"@context":"https:\/\/schema.org","@graph":[{"@type":"WebPage","@id":"https:\/\/idek.it\/es\/certificaciones\/","url":"https:\/\/idek.it\/es\/certificaciones\/","name":"Certificaciones - I-DEK","isPartOf":{"@id":"https:\/\/idek.it\/es\/#website"},"primaryImageOfPage":{"@id":"https:\/\/idek.it\/es\/certificaciones\/#primaryimage"},"image":{"@id":"https:\/\/idek.it\/es\/certificaciones\/#primaryimage"},"thumbnailUrl":"https:\/\/idek.it\/wp-content\/uploads\/2025\/04\/IDEK_DSC08595.jpg","datePublished":"2025-04-11T10:02:06+00:00","dateModified":"2025-06-24T13:42:17+00:00","breadcrumb":{"@id":"https:\/\/idek.it\/es\/certificaciones\/#breadcrumb"},"inLanguage":"es","potentialAction":[{"@type":"ReadAction","target":["https:\/\/idek.it\/es\/certificaciones\/"]}]},{"@type":"ImageObject","inLanguage":"es","@id":"https:\/\/idek.it\/es\/certificaciones\/#primaryimage","url":"https:\/\/idek.it\/wp-content\/uploads\/2025\/04\/IDEK_DSC08595.jpg","contentUrl":"https:\/\/idek.it\/wp-content\/uploads\/2025\/04\/IDEK_DSC08595.jpg"},{"@type":"BreadcrumbList","@id":"https:\/\/idek.it\/es\/certificaciones\/#breadcrumb","itemListElement":[{"@type":"ListItem","position":1,"name":"Home","item":"https:\/\/idek.it\/es\/"},{"@type":"ListItem","position":2,"name":"Certificaciones"}]},{"@type":"WebSite","@id":"https:\/\/idek.it\/es\/#website","url":"https:\/\/idek.it\/es\/","name":"I-DEK","description":"Enhance Decoration","publisher":{"@id":"https:\/\/idek.it\/es\/#organization"},"potentialAction":[{"@type":"SearchAction","target":{"@type":"EntryPoint","urlTemplate":"https:\/\/idek.it\/es\/?s={search_term_string}"},"query-input":{"@type":"PropertyValueSpecification","valueRequired":true,"valueName":"search_term_string"}}],"inLanguage":"es"},{"@type":"Organization","@id":"https:\/\/idek.it\/es\/#organization","name":"I-DEK","url":"https:\/\/idek.it\/es\/","logo":{"@type":"ImageObject","inLanguage":"es","@id":"https:\/\/idek.it\/es\/#\/schema\/logo\/image\/","url":"https:\/\/idek.it\/wp-content\/uploads\/2025\/01\/idek-logo-color.svg","contentUrl":"https:\/\/idek.it\/wp-content\/uploads\/2025\/01\/idek-logo-color.svg","width":1,"height":1,"caption":"I-DEK"},"image":{"@id":"https:\/\/idek.it\/es\/#\/schema\/logo\/image\/"}}]}},"acf":[],"_links":{"self":[{"href":"https:\/\/idek.it\/es\/wp-json\/wp\/v2\/pages\/2449","targetHints":{"allow":["GET"]}}],"collection":[{"href":"https:\/\/idek.it\/es\/wp-json\/wp\/v2\/pages"}],"about":[{"href":"https:\/\/idek.it\/es\/wp-json\/wp\/v2\/types\/page"}],"author":[{"embeddable":true,"href":"https:\/\/idek.it\/es\/wp-json\/wp\/v2\/users\/1"}],"replies":[{"embeddable":true,"href":"https:\/\/idek.it\/es\/wp-json\/wp\/v2\/comments?post=2449"}],"version-history":[{"count":4,"href":"https:\/\/idek.it\/es\/wp-json\/wp\/v2\/pages\/2449\/revisions"}],"predecessor-version":[{"id":3022,"href":"https:\/\/idek.it\/es\/wp-json\/wp\/v2\/pages\/2449\/revisions\/3022"}],"wp:attachment":[{"href":"https:\/\/idek.it\/es\/wp-json\/wp\/v2\/media?parent=2449"}],"curies":[{"name":"wp","href":"https:\/\/api.w.org\/{rel}","templated":true}]}}