{"id":2458,"date":"2025-01-17T09:42:38","date_gmt":"2025-01-17T08:42:38","guid":{"rendered":"https:\/\/staging3.team99.it\/contatti\/"},"modified":"2026-03-18T08:47:05","modified_gmt":"2026-03-18T07:47:05","slug":"datos-de-contacto","status":"publish","type":"page","link":"https:\/\/idek.it\/es\/datos-de-contacto\/","title":{"rendered":"Datos de contacto"},"content":{"rendered":"\n<div class=\"wp-block-cover has-custom-content-position is-position-bottom-left pattern-intro-pagina\" style=\"min-height:450px;aspect-ratio:unset;\"><img loading=\"lazy\" decoding=\"async\" width=\"2000\" height=\"1333\" class=\"wp-block-cover__image-background wp-image-1265\" alt=\"\" src=\"https:\/\/idek.it\/wp-content\/uploads\/2025\/04\/GRT_3131-LR.jpg\" data-object-fit=\"cover\" srcset=\"https:\/\/idek.it\/wp-content\/uploads\/2025\/04\/GRT_3131-LR.jpg 2000w, https:\/\/idek.it\/wp-content\/uploads\/2025\/04\/GRT_3131-LR-300x200.jpg 300w, https:\/\/idek.it\/wp-content\/uploads\/2025\/04\/GRT_3131-LR-1024x682.jpg 1024w, https:\/\/idek.it\/wp-content\/uploads\/2025\/04\/GRT_3131-LR-768x512.jpg 768w, https:\/\/idek.it\/wp-content\/uploads\/2025\/04\/GRT_3131-LR-1536x1024.jpg 1536w\" sizes=\"auto, (max-width: 2000px) 100vw, 2000px\" \/><span aria-hidden=\"true\" class=\"wp-block-cover__background has-custom-uno-background-color has-background-dim-100 has-background-dim\"><\/span><div class=\"wp-block-cover__inner-container has-global-padding is-layout-constrained wp-block-cover-is-layout-constrained\">\n<h1 class=\"wp-block-heading has-titolo-giant-font-size\">Datos de contacto<\/h1>\n\n\n\n<p class=\"has-paragrafo-grande-font-size\">Solicita un cat\u00e1logo o informaci\u00f3n relativa al mundo I.DEK<\/p>\n\n\n\n<div style=\"height:40px\" aria-hidden=\"true\" class=\"wp-block-spacer\"><\/div>\n<\/div><\/div>\n\n\n\n<div class=\"wp-block-group has-global-padding is-layout-constrained wp-block-group-is-layout-constrained\" style=\"padding-top:8vh;padding-bottom:8vh\">\n<div class=\"wp-block-columns is-layout-flex wp-container-core-columns-is-layout-28f84493 wp-block-columns-is-layout-flex\">\n<div class=\"wp-block-column is-layout-flow wp-block-column-is-layout-flow\" style=\"flex-basis:60%\">\n<h4 class=\"wp-block-heading has-custom-nero-color has-text-color has-link-color has-titolo-sezione-font-size wp-elements-243cf3a446ee2900bb7c1fcef39967e4\">Si no has encontrado lo que buscabas, escr\u00edbenos o contacta con nosotros<\/h4>\n\n\n\n<div style=\"height:20px\" aria-hidden=\"true\" class=\"wp-block-spacer\"><\/div>\n\n\n\n<p class=\"has-custom-nero-color has-text-color has-link-color wp-elements-09a1a2e5a3088723fca63d9d9641bd8f\">Tel\u00e9fon: <a href=\"tel:+39 0331542374\">+39 0331 542374<\/a><br>Fax: +39 0331 807751 <br>Correo electr\u00f3nico: <a href=\"mailto:info@idek.it\" target=\"_blank\" rel=\"noreferrer noopener\">info@idek.it<\/a><br>N\u00famero de IVA: 06323590965<\/p>\n\n\n\n<div style=\"height:40px\" aria-hidden=\"true\" class=\"wp-block-spacer\"><\/div>\n\n\n\n<div class=\"wp-block-group is-layout-flex wp-container-core-group-is-layout-e44ade59 wp-block-group-is-layout-flex\">\n<div class=\"wp-block-group has-global-padding is-content-justification-left is-layout-constrained wp-container-core-group-is-layout-b9361a9a wp-block-group-is-layout-constrained\">\n<p class=\"has-custom-nero-color has-text-color has-link-color wp-elements-53579f5745e402322ba149c209a129b8\"><strong>I.DEK S.r.l.<\/strong><br><strong>Oficinas administrativas y comerciales<\/strong><br>Piazza Gianfranco Ferr\u00e8, 6 &#8211; 20025 Legnano (MI) &#8211; Italy<\/p>\n\n\n\n<p class=\"has-custom-nero-color has-text-color has-link-color wp-elements-1ce4fa598aa3c3bbb725357f2a3eda78\"><\/p>\n\n\n\n<div style=\"height:20px\" aria-hidden=\"true\" class=\"wp-block-spacer\"><\/div>\n<\/div>\n\n\n\n<div class=\"wp-block-group has-global-padding is-content-justification-left is-layout-constrained wp-container-core-group-is-layout-b9361a9a wp-block-group-is-layout-constrained\">\n<p class=\"has-custom-nero-color has-text-color has-link-color wp-elements-91df1b7f7026d2238a7e847ea425fc1e\"><strong>I.DEK S.r.l.<br>Planta de producci\u00f3n y almac\u00e9n<\/strong><br>Via della Stazione, 56 &#8211; 12066<br>Monticello d\u2019Alba (CN) &#8211; Italy<\/p>\n\n\n\n<p class=\"has-custom-nero-color has-text-color has-link-color wp-elements-1ce4fa598aa3c3bbb725357f2a3eda78\"><\/p>\n\n\n\n<div style=\"height:20px\" aria-hidden=\"true\" class=\"wp-block-spacer\"><\/div>\n<\/div>\n<\/div>\n\n\n\n<div class=\"wp-block-group is-layout-flex wp-container-core-group-is-layout-e44ade59 wp-block-group-is-layout-flex\">\n<div class=\"wp-block-group has-global-padding is-content-justification-left is-layout-constrained wp-container-core-group-is-layout-b9361a9a wp-block-group-is-layout-constrained\">\n<p class=\"has-custom-nero-color has-text-color has-link-color wp-elements-63be430506799a0673b6c67521a3dbf8\"><strong>I.DEK S.r.l.<br>Domicilio social<\/strong><br>Via Canazza, 46 &#8211; 20025<br>Legnano (MI) &#8211; Italy<\/p>\n\n\n\n<p class=\"has-custom-nero-color has-text-color has-link-color wp-elements-1ce4fa598aa3c3bbb725357f2a3eda78\"><\/p>\n\n\n\n<div style=\"height:20px\" aria-hidden=\"true\" class=\"wp-block-spacer\"><\/div>\n<\/div>\n<\/div>\n<\/div>\n\n\n\n<div class=\"wp-block-column has-custom-due-background-color has-background is-layout-flow wp-block-column-is-layout-flow\" style=\"padding-top:40px;padding-right:40px;padding-bottom:40px;padding-left:40px;flex-basis:40%\"><div class=\"frm_forms  with_frm_style frm_style_stile-formidable\" id=\"frm_form_7_container\" data-token=\"cc0d19fc17c699deaab124df654e129c\">\n<form enctype=\"multipart\/form-data\" method=\"post\" class=\"frm-show-form  frm_js_validate  frm_pro_form \" id=\"form_contact-form3\" data-token=\"cc0d19fc17c699deaab124df654e129c\">\n<div class=\"frm_form_fields \">\n<fieldset>\n<legend class=\"frm_screen_reader\">Contatti ESP<\/legend>\r\n\r\n<div class=\"frm_fields_container\">\n<input type=\"hidden\" name=\"frm_action\" value=\"create\" \/>\n<input type=\"hidden\" name=\"form_id\" value=\"7\" \/>\n<input type=\"hidden\" name=\"frm_hide_fields_7\" id=\"frm_hide_fields_7\" value=\"\" \/>\n<input type=\"hidden\" name=\"form_key\" value=\"contact-form3\" \/>\n<input type=\"hidden\" name=\"item_meta[0]\" value=\"\" \/>\n<input type=\"hidden\" id=\"frm_submit_entry_7\" name=\"frm_submit_entry_7\" value=\"6ca7cb546f\" \/><input type=\"hidden\" name=\"_wp_http_referer\" value=\"\/es\/wp-json\/wp\/v2\/pages\/2458\" \/><div id=\"frm_field_43_container\" class=\"frm_form_field form-field  frm_required_field frm_none_container\">\r\n\t<label for=\"field_jr3113\" id=\"field_jr3113_label\" class=\"frm_primary_label\">Nombre y apellidos\r\n\t\t<span class=\"frm_required\" aria-hidden=\"true\">*<\/span>\r\n\t<\/label>\r\n\t<input  type=\"text\" id=\"field_jr3113\" name=\"item_meta[43]\" value=\"\"  placeholder=\"Nombre y apellidos*\" data-reqmsg=\"Nombre y apellidos no puede estar vac\u00edo.\" aria-required=\"true\" data-invmsg=\"Nombre y apellidos non \u00e8 valido\" aria-invalid=\"false\"   \/>\r\n\t\r\n\t\r\n<\/div>\n<div id=\"frm_field_44_container\" class=\"frm_form_field form-field  frm_required_field frm_none_container frm_full\">\r\n\t<label for=\"field_29yf4d3\" id=\"field_29yf4d3_label\" class=\"frm_primary_label\">Correo electr\u00f3nico\r\n\t\t<span class=\"frm_required\" aria-hidden=\"true\">*<\/span>\r\n\t<\/label>\r\n\t<input type=\"email\" id=\"field_29yf4d3\" name=\"item_meta[44]\" value=\"\"  placeholder=\"Correo electr\u00f3nico*\" data-reqmsg=\"Correo electr\u00f3nico no puede estar vac\u00edo.\" aria-required=\"true\" data-invmsg=\"Por favor, introduce una direcci\u00f3n de correo electr\u00f3nico v\u00e1lida\" aria-invalid=\"false\"  \/>\r\n\t\r\n\t\r\n<\/div>\n<div id=\"frm_field_45_container\" class=\"frm_form_field form-field  frm_none_container\">\r\n\t<label for=\"field_ig1mw3\" id=\"field_ig1mw3_label\" class=\"frm_primary_label\">Tel\u00e9fono\r\n\t\t<span class=\"frm_required\" aria-hidden=\"true\"><\/span>\r\n\t<\/label>\r\n\t<input type=\"tel\" id=\"field_ig1mw3\" name=\"item_meta[45]\" value=\"\"  placeholder=\"Tel\u00e9fono\" data-invmsg=\"Tel\u00e9fono no es valido\" aria-invalid=\"false\" pattern=\"((\\+\\d{1,3}(-|.| )?\\(?\\d\\)?(-| |.)?\\d{1,5})|(\\(?\\d{2,6}\\)?))(-|.| )?(\\d{3,4})(-|.| )?(\\d{4})(( x| ext)\\d{1,5}){0,1}$\"  \/>\r\n\t\r\n\t\r\n<\/div>\n<div id=\"frm_field_46_container\" class=\"frm_form_field form-field  frm_required_field frm_none_container\">\r\n\t<label for=\"field_labn83\" id=\"field_labn83_label\" class=\"frm_primary_label\">Naci\u00f3n\r\n\t\t<span class=\"frm_required\" aria-hidden=\"true\">*<\/span>\r\n\t<\/label>\r\n\t<input  type=\"text\" id=\"field_labn83\" name=\"item_meta[46]\" value=\"\"  placeholder=\"Naci\u00f3n*\" data-reqmsg=\"Naci\u00f3n No puede estar vac\u00edo.\" aria-required=\"true\" data-invmsg=\"Naci\u00f3n non \u00e8 valido\" aria-invalid=\"false\"   \/>\r\n\t\r\n\t\r\n<\/div>\n<div id=\"frm_field_47_container\" class=\"frm_form_field form-field  frm_required_field frm_none_container frm_full\">\r\n\t<label for=\"field_9jv0r13\" id=\"field_9jv0r13_label\" class=\"frm_primary_label\">Mensaje\r\n\t\t<span class=\"frm_required\" aria-hidden=\"true\">*<\/span>\r\n\t<\/label>\r\n\t<textarea name=\"item_meta[47]\" id=\"field_9jv0r13\" rows=\"5\"  placeholder=\"Mensaje*\" data-reqmsg=\"Mensaje No puede estar vac\u00edo.\" aria-required=\"true\" data-invmsg=\"Mensaje non \u00e8 valido\" aria-invalid=\"false\"  ><\/textarea>\r\n\t\r\n\t\r\n<\/div>\n<div id=\"frm_field_48_container\" class=\"frm_form_field form-field  frm_required_field frm_none_container vertical_radio\">\r\n\t<div  id=\"field_hkc5y3_label\" class=\"frm_primary_label\">Privacy\r\n\t\t<span class=\"frm_required\" aria-hidden=\"true\">*<\/span>\r\n\t<\/div>\r\n\t<div class=\"frm_opt_container\" aria-labelledby=\"field_hkc5y3_label\" role=\"group\">\t\t<div class=\"frm_checkbox\" id=\"frm_checkbox_48-0\">\t\t\t<label  for=\"field_hkc5y3-0\">\n\t\t\t<input type=\"checkbox\" name=\"item_meta[48][]\" id=\"field_hkc5y3-0\" value=\"Declaro que he le\u00eddo y acepto el contenido de la &lt;a href=&quot;\/es\/politica-de-privacidad\/&quot; target=&quot;_blank&quot;&gt;pol\u00edtica de privacidad&lt;\/a&gt;\"  data-reqmsg=\"Privacy No puede estar vac\u00edo.\" data-invmsg=\"Privacy no es v\u00e1lido\"   aria-required=\"true\"  \/> Declaro que he le\u00eddo y acepto el contenido de la <a href=\"\/es\/politica-de-privacidad\/\" target=\"_blank\">pol\u00edtica de privacidad<\/a><\/label><\/div>\n<\/div>\r\n\t\r\n\t\r\n<\/div>\n<input type=\"hidden\" name=\"item_meta[49]\" id=\"field_mbwg83\" value=\"Datos de contacto\"  data-frmval=\"Datos de contacto\"   \/>\n<div id=\"frm_field_50_container\" class=\"frm_form_field form-field \">\r\n\t<div class=\"frm_submit frm_flex\">\r\n<button class=\"frm_button_submit frm_final_submit\" type=\"submit\"   formnovalidate=\"formnovalidate\">Enviar<\/button>\r\n\r\n\r\n\r\n<\/div>\r\n<\/div>\n\t<input type=\"hidden\" name=\"item_key\" value=\"\" \/>\n\t\t\t<div id=\"frm_field_62_container\">\n\t\t\t<label for=\"field_fw7gp\" >\n\t\t\t\tSi eres humano, deja este campo en blanco.\t\t\t<\/label>\n\t\t\t<input  id=\"field_fw7gp\" type=\"text\" class=\"frm_form_field form-field frm_verify\" name=\"item_meta[62]\" value=\"\"  \/>\n\t\t<\/div>\n\t\t<input name=\"frm_state\" type=\"hidden\" value=\"Znt+lUoecOZ\/ZRljWg3NGegoj0T15mG3muEz5Rc11WVn7+ur1SA4qQVa1959KC+0\" \/><\/div>\n<\/fieldset>\n<\/div>\n\n<p style=\"display: none !important;\" class=\"akismet-fields-container\" data-prefix=\"ak_\"><label>&#916;<textarea name=\"ak_hp_textarea\" cols=\"45\" rows=\"8\" maxlength=\"100\"><\/textarea><\/label><input type=\"hidden\" id=\"ak_js_1\" name=\"ak_js\" value=\"181\"\/><script>document.getElementById( \"ak_js_1\" ).setAttribute( \"value\", ( new Date() ).getTime() );<\/script><\/p><\/form>\n<\/div>\n<\/div>\n<\/div>\n\n\n\n<div style=\"height:100px\" aria-hidden=\"true\" class=\"wp-block-spacer\"><\/div>\n<\/div>\n\n\n\n<div class=\"wp-block-group pattern-card-team has-global-padding is-layout-constrained wp-block-group-is-layout-constrained\">\n<div class=\"wp-block-columns are-vertically-aligned-center is-layout-flex wp-container-core-columns-is-layout-28f84493 wp-block-columns-is-layout-flex\">\n<div class=\"wp-block-column is-vertically-aligned-center is-layout-flow wp-block-column-is-layout-flow\" style=\"flex-basis:50%\">\n<figure class=\"wp-block-image size-full\"><img loading=\"lazy\" decoding=\"async\" width=\"1333\" height=\"2000\" src=\"https:\/\/idek.it\/wp-content\/uploads\/2025\/04\/AMBROGIO-CACIA-IDEK_DSC08972.jpg\" alt=\"\" class=\"wp-image-1383\" style=\"aspect-ratio:1;object-fit:cover\" srcset=\"https:\/\/idek.it\/wp-content\/uploads\/2025\/04\/AMBROGIO-CACIA-IDEK_DSC08972.jpg 1333w, https:\/\/idek.it\/wp-content\/uploads\/2025\/04\/AMBROGIO-CACIA-IDEK_DSC08972-200x300.jpg 200w, https:\/\/idek.it\/wp-content\/uploads\/2025\/04\/AMBROGIO-CACIA-IDEK_DSC08972-682x1024.jpg 682w, https:\/\/idek.it\/wp-content\/uploads\/2025\/04\/AMBROGIO-CACIA-IDEK_DSC08972-768x1152.jpg 768w, https:\/\/idek.it\/wp-content\/uploads\/2025\/04\/AMBROGIO-CACIA-IDEK_DSC08972-1024x1536.jpg 1024w\" sizes=\"auto, (max-width: 1333px) 100vw, 1333px\" \/><\/figure>\n\n\n\n<div style=\"height:var(--wp--preset--spacing--10)\" aria-hidden=\"true\" class=\"wp-block-spacer\"><\/div>\n\n\n\n<div class=\"wp-block-group has-global-padding is-content-justification-left is-layout-constrained wp-container-core-group-is-layout-6d733463 wp-block-group-is-layout-constrained\">\n<h2 class=\"wp-block-heading has-titolo-sezione-font-size\">Ambrogio Cacia<\/h2>\n\n\n\n<p class=\"\"><strong>Responsable Comercial<\/strong><\/p>\n\n\n\n<p class=\"\"><a href=\"tel:+39 3455403361\">Phone: +39 345 5403361<\/a><br>Correo electr\u00f3nico: <a href=\"mailto:a.cacia@idek.it\" target=\"_blank\" rel=\"noreferrer noopener\">a.cacia@idek.it<\/a><\/p>\n<\/div>\n<\/div>\n\n\n\n<div class=\"wp-block-column is-layout-flow wp-block-column-is-layout-flow\" style=\"flex-basis:50%\">\n<figure class=\"wp-block-image size-full\"><img loading=\"lazy\" decoding=\"async\" width=\"1333\" height=\"2000\" src=\"https:\/\/idek.it\/wp-content\/uploads\/2025\/04\/LUCA-ALBE-IDEK_DSC09002.jpg\" alt=\"\" class=\"wp-image-1384\" style=\"aspect-ratio:1;object-fit:cover\" srcset=\"https:\/\/idek.it\/wp-content\/uploads\/2025\/04\/LUCA-ALBE-IDEK_DSC09002.jpg 1333w, https:\/\/idek.it\/wp-content\/uploads\/2025\/04\/LUCA-ALBE-IDEK_DSC09002-200x300.jpg 200w, https:\/\/idek.it\/wp-content\/uploads\/2025\/04\/LUCA-ALBE-IDEK_DSC09002-682x1024.jpg 682w, https:\/\/idek.it\/wp-content\/uploads\/2025\/04\/LUCA-ALBE-IDEK_DSC09002-768x1152.jpg 768w, https:\/\/idek.it\/wp-content\/uploads\/2025\/04\/LUCA-ALBE-IDEK_DSC09002-1024x1536.jpg 1024w\" sizes=\"auto, (max-width: 1333px) 100vw, 1333px\" \/><\/figure>\n\n\n\n<div style=\"height:var(--wp--preset--spacing--10)\" aria-hidden=\"true\" class=\"wp-block-spacer\"><\/div>\n\n\n\n<div class=\"wp-block-group has-global-padding is-content-justification-left is-layout-constrained wp-container-core-group-is-layout-d5209ea4 wp-block-group-is-layout-constrained\">\n<h2 class=\"wp-block-heading has-titolo-sezione-font-size\">Luca Alb\u00e8<\/h2>\n\n\n\n<p class=\"\"><strong>Responsable Comercial<\/strong><\/p>\n\n\n\n<p class=\"\">Correo electr\u00f3nico: <a href=\"mailto:l.albe@idek.it\" target=\"_blank\" rel=\"noreferrer noopener\">l.albe@idek.it<\/a><\/p>\n<\/div>\n<\/div>\n<\/div>\n<\/div>\n\n\n\n<div style=\"height:100px\" aria-hidden=\"true\" class=\"wp-block-spacer\"><\/div>\n","protected":false},"excerpt":{"rendered":"<p>Si no has encontrado lo que buscabas, escr\u00edbenos o contacta con nosotros Tel\u00e9fon: +39 0331 542374Fax: +39 0331 807751 Correo electr\u00f3nico: info@idek.itN\u00famero de IVA: 06323590965 I.DEK S.r.l.Oficinas administrativas y comercialesPiazza Gianfranco Ferr\u00e8, 6 &#8211; 20025 Legnano (MI) &#8211; Italy I.DEK S.r.l.Planta de producci\u00f3n y almac\u00e9nVia della Stazione, 56 &#8211; 12066Monticello d\u2019Alba (CN) &#8211; Italy I.DEK [&hellip;]<\/p>\n","protected":false},"author":1,"featured_media":0,"parent":0,"menu_order":0,"comment_status":"closed","ping_status":"closed","template":"wp-custom-template-footer-no-contatti","meta":{"_acf_changed":false,"footnotes":""},"class_list":["post-2458","page","type-page","status-publish","hentry"],"yoast_head":"<!-- This site is optimized with the Yoast SEO plugin v25.3.1 - https:\/\/yoast.com\/wordpress\/plugins\/seo\/ -->\n<title>Datos de contacto - I-DEK<\/title>\n<meta name=\"robots\" content=\"index, follow, max-snippet:-1, max-image-preview:large, max-video-preview:-1\" \/>\n<link rel=\"canonical\" href=\"https:\/\/idek.it\/es\/datos-de-contacto\/\" \/>\n<meta property=\"og:locale\" content=\"es_ES\" \/>\n<meta property=\"og:type\" content=\"article\" \/>\n<meta property=\"og:title\" content=\"Datos de contacto - I-DEK\" \/>\n<meta property=\"og:description\" content=\"Si no has encontrado lo que buscabas, escr\u00edbenos o contacta con nosotros Tel\u00e9fon: +39 0331 542374Fax: +39 0331 807751 Correo electr\u00f3nico: info@idek.itN\u00famero de IVA: 06323590965 I.DEK S.r.l.Oficinas administrativas y comercialesPiazza Gianfranco Ferr\u00e8, 6 &#8211; 20025 Legnano (MI) &#8211; Italy I.DEK S.r.l.Planta de producci\u00f3n y almac\u00e9nVia della Stazione, 56 &#8211; 12066Monticello d\u2019Alba (CN) &#8211; Italy I.DEK [&hellip;]\" \/>\n<meta property=\"og:url\" content=\"https:\/\/idek.it\/es\/datos-de-contacto\/\" \/>\n<meta property=\"og:site_name\" content=\"I-DEK\" \/>\n<meta property=\"article:modified_time\" content=\"2026-03-18T07:47:05+00:00\" \/>\n<meta property=\"og:image\" content=\"https:\/\/idek.it\/wp-content\/uploads\/2025\/04\/GRT_3131-LR.jpg\" \/>\n\t<meta property=\"og:image:width\" content=\"2000\" \/>\n\t<meta property=\"og:image:height\" content=\"1333\" \/>\n\t<meta property=\"og:image:type\" content=\"image\/jpeg\" \/>\n<meta name=\"twitter:card\" content=\"summary_large_image\" \/>\n<meta name=\"twitter:label1\" content=\"Tiempo de lectura\" \/>\n\t<meta name=\"twitter:data1\" content=\"2 minutos\" \/>\n<script type=\"application\/ld+json\" class=\"yoast-schema-graph\">{\"@context\":\"https:\/\/schema.org\",\"@graph\":[{\"@type\":\"WebPage\",\"@id\":\"https:\/\/idek.it\/es\/datos-de-contacto\/\",\"url\":\"https:\/\/idek.it\/es\/datos-de-contacto\/\",\"name\":\"Datos de contacto - I-DEK\",\"isPartOf\":{\"@id\":\"https:\/\/idek.it\/es\/#website\"},\"primaryImageOfPage\":{\"@id\":\"https:\/\/idek.it\/es\/datos-de-contacto\/#primaryimage\"},\"image\":{\"@id\":\"https:\/\/idek.it\/es\/datos-de-contacto\/#primaryimage\"},\"thumbnailUrl\":\"https:\/\/idek.it\/wp-content\/uploads\/2025\/04\/GRT_3131-LR.jpg\",\"datePublished\":\"2025-01-17T08:42:38+00:00\",\"dateModified\":\"2026-03-18T07:47:05+00:00\",\"breadcrumb\":{\"@id\":\"https:\/\/idek.it\/es\/datos-de-contacto\/#breadcrumb\"},\"inLanguage\":\"es\",\"potentialAction\":[{\"@type\":\"ReadAction\",\"target\":[\"https:\/\/idek.it\/es\/datos-de-contacto\/\"]}]},{\"@type\":\"ImageObject\",\"inLanguage\":\"es\",\"@id\":\"https:\/\/idek.it\/es\/datos-de-contacto\/#primaryimage\",\"url\":\"https:\/\/idek.it\/wp-content\/uploads\/2025\/04\/GRT_3131-LR.jpg\",\"contentUrl\":\"https:\/\/idek.it\/wp-content\/uploads\/2025\/04\/GRT_3131-LR.jpg\"},{\"@type\":\"BreadcrumbList\",\"@id\":\"https:\/\/idek.it\/es\/datos-de-contacto\/#breadcrumb\",\"itemListElement\":[{\"@type\":\"ListItem\",\"position\":1,\"name\":\"Home\",\"item\":\"https:\/\/idek.it\/es\/\"},{\"@type\":\"ListItem\",\"position\":2,\"name\":\"Datos de contacto\"}]},{\"@type\":\"WebSite\",\"@id\":\"https:\/\/idek.it\/es\/#website\",\"url\":\"https:\/\/idek.it\/es\/\",\"name\":\"I-DEK\",\"description\":\"Enhance Decoration\",\"publisher\":{\"@id\":\"https:\/\/idek.it\/es\/#organization\"},\"potentialAction\":[{\"@type\":\"SearchAction\",\"target\":{\"@type\":\"EntryPoint\",\"urlTemplate\":\"https:\/\/idek.it\/es\/?s={search_term_string}\"},\"query-input\":{\"@type\":\"PropertyValueSpecification\",\"valueRequired\":true,\"valueName\":\"search_term_string\"}}],\"inLanguage\":\"es\"},{\"@type\":\"Organization\",\"@id\":\"https:\/\/idek.it\/es\/#organization\",\"name\":\"I-DEK\",\"url\":\"https:\/\/idek.it\/es\/\",\"logo\":{\"@type\":\"ImageObject\",\"inLanguage\":\"es\",\"@id\":\"https:\/\/idek.it\/es\/#\/schema\/logo\/image\/\",\"url\":\"https:\/\/idek.it\/wp-content\/uploads\/2025\/01\/idek-logo-color.svg\",\"contentUrl\":\"https:\/\/idek.it\/wp-content\/uploads\/2025\/01\/idek-logo-color.svg\",\"width\":1,\"height\":1,\"caption\":\"I-DEK\"},\"image\":{\"@id\":\"https:\/\/idek.it\/es\/#\/schema\/logo\/image\/\"}}]}<\/script>\n<!-- \/ Yoast SEO plugin. -->","yoast_head_json":{"title":"Datos de contacto - I-DEK","robots":{"index":"index","follow":"follow","max-snippet":"max-snippet:-1","max-image-preview":"max-image-preview:large","max-video-preview":"max-video-preview:-1"},"canonical":"https:\/\/idek.it\/es\/datos-de-contacto\/","og_locale":"es_ES","og_type":"article","og_title":"Datos de contacto - I-DEK","og_description":"Si no has encontrado lo que buscabas, escr\u00edbenos o contacta con nosotros Tel\u00e9fon: +39 0331 542374Fax: +39 0331 807751 Correo electr\u00f3nico: info@idek.itN\u00famero de IVA: 06323590965 I.DEK S.r.l.Oficinas administrativas y comercialesPiazza Gianfranco Ferr\u00e8, 6 &#8211; 20025 Legnano (MI) &#8211; Italy I.DEK S.r.l.Planta de producci\u00f3n y almac\u00e9nVia della Stazione, 56 &#8211; 12066Monticello d\u2019Alba (CN) &#8211; Italy I.DEK [&hellip;]","og_url":"https:\/\/idek.it\/es\/datos-de-contacto\/","og_site_name":"I-DEK","article_modified_time":"2026-03-18T07:47:05+00:00","og_image":[{"width":2000,"height":1333,"url":"https:\/\/idek.it\/wp-content\/uploads\/2025\/04\/GRT_3131-LR.jpg","type":"image\/jpeg"}],"twitter_card":"summary_large_image","twitter_misc":{"Tiempo de lectura":"2 minutos"},"schema":{"@context":"https:\/\/schema.org","@graph":[{"@type":"WebPage","@id":"https:\/\/idek.it\/es\/datos-de-contacto\/","url":"https:\/\/idek.it\/es\/datos-de-contacto\/","name":"Datos de contacto - I-DEK","isPartOf":{"@id":"https:\/\/idek.it\/es\/#website"},"primaryImageOfPage":{"@id":"https:\/\/idek.it\/es\/datos-de-contacto\/#primaryimage"},"image":{"@id":"https:\/\/idek.it\/es\/datos-de-contacto\/#primaryimage"},"thumbnailUrl":"https:\/\/idek.it\/wp-content\/uploads\/2025\/04\/GRT_3131-LR.jpg","datePublished":"2025-01-17T08:42:38+00:00","dateModified":"2026-03-18T07:47:05+00:00","breadcrumb":{"@id":"https:\/\/idek.it\/es\/datos-de-contacto\/#breadcrumb"},"inLanguage":"es","potentialAction":[{"@type":"ReadAction","target":["https:\/\/idek.it\/es\/datos-de-contacto\/"]}]},{"@type":"ImageObject","inLanguage":"es","@id":"https:\/\/idek.it\/es\/datos-de-contacto\/#primaryimage","url":"https:\/\/idek.it\/wp-content\/uploads\/2025\/04\/GRT_3131-LR.jpg","contentUrl":"https:\/\/idek.it\/wp-content\/uploads\/2025\/04\/GRT_3131-LR.jpg"},{"@type":"BreadcrumbList","@id":"https:\/\/idek.it\/es\/datos-de-contacto\/#breadcrumb","itemListElement":[{"@type":"ListItem","position":1,"name":"Home","item":"https:\/\/idek.it\/es\/"},{"@type":"ListItem","position":2,"name":"Datos de contacto"}]},{"@type":"WebSite","@id":"https:\/\/idek.it\/es\/#website","url":"https:\/\/idek.it\/es\/","name":"I-DEK","description":"Enhance Decoration","publisher":{"@id":"https:\/\/idek.it\/es\/#organization"},"potentialAction":[{"@type":"SearchAction","target":{"@type":"EntryPoint","urlTemplate":"https:\/\/idek.it\/es\/?s={search_term_string}"},"query-input":{"@type":"PropertyValueSpecification","valueRequired":true,"valueName":"search_term_string"}}],"inLanguage":"es"},{"@type":"Organization","@id":"https:\/\/idek.it\/es\/#organization","name":"I-DEK","url":"https:\/\/idek.it\/es\/","logo":{"@type":"ImageObject","inLanguage":"es","@id":"https:\/\/idek.it\/es\/#\/schema\/logo\/image\/","url":"https:\/\/idek.it\/wp-content\/uploads\/2025\/01\/idek-logo-color.svg","contentUrl":"https:\/\/idek.it\/wp-content\/uploads\/2025\/01\/idek-logo-color.svg","width":1,"height":1,"caption":"I-DEK"},"image":{"@id":"https:\/\/idek.it\/es\/#\/schema\/logo\/image\/"}}]}},"acf":[],"_links":{"self":[{"href":"https:\/\/idek.it\/es\/wp-json\/wp\/v2\/pages\/2458","targetHints":{"allow":["GET"]}}],"collection":[{"href":"https:\/\/idek.it\/es\/wp-json\/wp\/v2\/pages"}],"about":[{"href":"https:\/\/idek.it\/es\/wp-json\/wp\/v2\/types\/page"}],"author":[{"embeddable":true,"href":"https:\/\/idek.it\/es\/wp-json\/wp\/v2\/users\/1"}],"replies":[{"embeddable":true,"href":"https:\/\/idek.it\/es\/wp-json\/wp\/v2\/comments?post=2458"}],"version-history":[{"count":8,"href":"https:\/\/idek.it\/es\/wp-json\/wp\/v2\/pages\/2458\/revisions"}],"predecessor-version":[{"id":3436,"href":"https:\/\/idek.it\/es\/wp-json\/wp\/v2\/pages\/2458\/revisions\/3436"}],"wp:attachment":[{"href":"https:\/\/idek.it\/es\/wp-json\/wp\/v2\/media?parent=2458"}],"curies":[{"name":"wp","href":"https:\/\/api.w.org\/{rel}","templated":true}]}}