{"id":2461,"date":"2025-02-10T15:32:08","date_gmt":"2025-02-10T14:32:08","guid":{"rendered":"https:\/\/staging3.team99.it\/heat-transfer-film\/"},"modified":"2025-09-04T08:42:35","modified_gmt":"2025-09-04T07:42:35","slug":"peliculas-de-transferencia-termica","status":"publish","type":"page","link":"https:\/\/idek.it\/es\/peliculas-de-transferencia-termica\/","title":{"rendered":"Pel\u00edculas de transferencia t\u00e9rmica"},"content":{"rendered":"\n<div class=\"wp-block-cover has-custom-content-position is-position-bottom-left pattern-intro-pagina\" style=\"min-height:100vh;aspect-ratio:unset;\"><img loading=\"lazy\" decoding=\"async\" width=\"2000\" height=\"1333\" class=\"wp-block-cover__image-background wp-image-1223\" alt=\"\" src=\"https:\/\/idek.it\/wp-content\/uploads\/2025\/04\/IDEK_DSC08559.jpg\" data-object-fit=\"cover\" srcset=\"https:\/\/idek.it\/wp-content\/uploads\/2025\/04\/IDEK_DSC08559.jpg 2000w, https:\/\/idek.it\/wp-content\/uploads\/2025\/04\/IDEK_DSC08559-300x200.jpg 300w, https:\/\/idek.it\/wp-content\/uploads\/2025\/04\/IDEK_DSC08559-1024x682.jpg 1024w, https:\/\/idek.it\/wp-content\/uploads\/2025\/04\/IDEK_DSC08559-768x512.jpg 768w, https:\/\/idek.it\/wp-content\/uploads\/2025\/04\/IDEK_DSC08559-1536x1024.jpg 1536w\" sizes=\"auto, (max-width: 2000px) 100vw, 2000px\" \/><span aria-hidden=\"true\" class=\"wp-block-cover__background has-custom-nero-background-color has-background-dim-20 has-background-dim\"><\/span><div class=\"wp-block-cover__inner-container has-global-padding is-layout-constrained wp-block-cover-is-layout-constrained\">\n<h1 class=\"wp-block-heading has-titolo-giant-font-size\">Pel\u00edculas de transferencia t\u00e9rmica<\/h1>\n\n\n\n<p class=\"has-paragrafo-grande-font-size\">I.Transfer<\/p>\n\n\n\n<div style=\"height:40px\" aria-hidden=\"true\" class=\"wp-block-spacer\"><\/div>\n<\/div><\/div>\n\n\n\n<div class=\"wp-block-group pattern-intro-txt-img has-global-padding is-layout-constrained wp-block-group-is-layout-constrained\" style=\"padding-top:8vh;padding-bottom:0\">\n<p class=\"has-pretitolo-font-size\">I.TRANSFER<\/p>\n\n\n\n<p class=\"is-style-default has-titolo-sezione-font-size\">Pel\u00edculas de transferencia t\u00e9rmica<\/p>\n\n\n\n<div style=\"height:60px\" aria-hidden=\"true\" class=\"wp-block-spacer\"><\/div>\n\n\n\n<div class=\"wp-block-columns is-layout-flex wp-container-core-columns-is-layout-28f84493 wp-block-columns-is-layout-flex\">\n<div class=\"wp-block-column is-layout-flow wp-block-column-is-layout-flow\">\n<p class=\"\"><strong>I.DEK est\u00e1 acreditada por Qualideco como \u201cFILM SUPPLIER FS-005\u201d<\/strong>: producimos pel\u00edculas de transferencia t\u00e9rmica de alta calidad, un material innovador totalmente fabricado en Italia con plantas avanzadas de impresi\u00f3n en rotograbado.<\/p>\n\n\n\n<p class=\"\"><strong>Nuestras pel\u00edculas de distintos grosores<\/strong>, de 19 a 21 micras, est\u00e1n dise\u00f1adas para<strong> transferir con precisi\u00f3n la est\u00e9tica de la madera a superficies met\u00e1licas prepintadas<\/strong>, mediante un eficiente proceso de transferencia t\u00e9rmica.<\/p>\n<\/div>\n\n\n\n<div class=\"wp-block-column is-layout-flow wp-block-column-is-layout-flow\">\n<p class=\"\"><strong>Garantizamos excelentes prestaciones en t\u00e9rminos de durabilidad<\/strong>, con productos certificados bajo el sello Qualideco clase 1 y clase 2, lo cual es sin\u00f3nimo de resistencia y fiabilidad a lo largo del tiempo. Estamos comprometidos activamente con la sostenibilidad: <strong>nuestras pel\u00edculas de transferencia t\u00e9rmica son las \u00fanicas del mercado fabricadas con materiales compatibles con el medioambiente<\/strong>, al incorporar pel\u00edculas pl\u00e1sticas reciclables y tintas a base de agua, lo cual contribuye a reducir de forma considerable el impacto ambiental.<\/p>\n<\/div>\n<\/div>\n\n\n\n<div style=\"height:60px\" aria-hidden=\"true\" class=\"wp-block-spacer\"><\/div>\n\n\n\n<figure class=\"wp-block-image size-full is-style-default\"><img loading=\"lazy\" decoding=\"async\" width=\"2000\" height=\"1333\" src=\"https:\/\/idek.it\/wp-content\/uploads\/2025\/04\/IDEK_DSC08659.jpg\" alt=\"\" class=\"wp-image-1339\" style=\"aspect-ratio:16\/9;object-fit:cover\" srcset=\"https:\/\/idek.it\/wp-content\/uploads\/2025\/04\/IDEK_DSC08659.jpg 2000w, https:\/\/idek.it\/wp-content\/uploads\/2025\/04\/IDEK_DSC08659-300x200.jpg 300w, https:\/\/idek.it\/wp-content\/uploads\/2025\/04\/IDEK_DSC08659-1024x682.jpg 1024w, https:\/\/idek.it\/wp-content\/uploads\/2025\/04\/IDEK_DSC08659-768x512.jpg 768w, https:\/\/idek.it\/wp-content\/uploads\/2025\/04\/IDEK_DSC08659-1536x1024.jpg 1536w\" sizes=\"auto, (max-width: 2000px) 100vw, 2000px\" \/><\/figure>\n<\/div>\n\n\n\n<div class=\"wp-block-group t99-sezione pattern-elenco-foto has-global-padding is-layout-constrained wp-block-group-is-layout-constrained\" style=\"padding-top:8vh;padding-bottom:8vh\">\n<div class=\"wp-block-group has-global-padding is-layout-constrained wp-block-group-is-layout-constrained\">\n<hr class=\"wp-block-separator has-alpha-channel-opacity is-style-wide\" style=\"margin-bottom:20px\"\/>\n\n\n\n<div class=\"wp-block-group riga-pagine-servizi is-content-justification-space-between is-nowrap is-layout-flex wp-container-core-group-is-layout-809edb75 wp-block-group-is-layout-flex\">\n<div class=\"wp-block-group has-global-padding is-layout-constrained wp-block-group-is-layout-constrained\">\n<div class=\"wp-block-columns is-layout-flex wp-container-core-columns-is-layout-9c22b1e3 wp-block-columns-is-layout-flex\">\n<div class=\"wp-block-column is-layout-flow wp-block-column-is-layout-flow\" style=\"flex-basis:60px\">\n<div class=\"wp-block-group has-global-padding is-content-justification-left is-layout-constrained wp-container-core-group-is-layout-12dd3699 wp-block-group-is-layout-constrained\">\n<p class=\"has-numero-small-font-size\">[01]<\/p>\n<\/div>\n<\/div>\n\n\n\n<div class=\"wp-block-column is-layout-flow wp-block-column-is-layout-flow\" style=\"flex-basis:100%\">\n<h2 class=\"wp-block-heading has-titolo-sezione-font-size\">i.Transfer standard range<\/h2>\n\n\n\n<div class=\"wp-block-group has-global-padding is-content-justification-left is-layout-constrained wp-container-core-group-is-layout-d5209ea4 wp-block-group-is-layout-constrained\">\n<p class=\"\">I.DEK es proveedor certificado QUALIDECO, produce en Italia pel\u00edculas de transferencia t\u00e9rmica innovadoras y compatibles con el medioambiente, asegurando est\u00e9tica, durabilidad y sostenibilidad.<\/p>\n<\/div>\n\n\n\n<div style=\"height:20px\" aria-hidden=\"true\" class=\"wp-block-spacer\"><\/div>\n\n\n\n<div class=\"wp-block-buttons is-layout-flex wp-block-buttons-is-layout-flex\"><div class=\"wp-block-button\"><a class=\"wp-block-button__link wp-element-button\" href=\"https:\/\/idek.it\/es\/catalogo-itransfer\/?section=gama-estandar\" data-hover=\"SABER M\u00c1S\"><span>SABER M\u00c1S<\/span><\/a><\/div><\/div>\n\n\n\n<div style=\"height:20px\" aria-hidden=\"true\" class=\"wp-block-spacer\"><\/div>\n<\/div>\n<\/div>\n<\/div>\n\n\n\n<div class=\"wp-block-group is-style-mobile-100 is-layout-flow wp-block-group-is-layout-flow\">\n<div class=\"wp-block-group gruppo-immagine-pagine-servizi is-style-mobile-100 has-global-padding is-layout-constrained wp-container-core-group-is-layout-731c369d wp-block-group-is-layout-constrained\">\n<figure class=\"wp-block-image size-full is-style-width-100\"><img loading=\"lazy\" decoding=\"async\" width=\"2000\" height=\"2000\" src=\"https:\/\/idek.it\/wp-content\/uploads\/2025\/02\/10-001_26_new.jpg\" alt=\"\" class=\"wp-image-1523\" style=\"aspect-ratio:1;object-fit:cover\" srcset=\"https:\/\/idek.it\/wp-content\/uploads\/2025\/02\/10-001_26_new.jpg 2000w, https:\/\/idek.it\/wp-content\/uploads\/2025\/02\/10-001_26_new-300x300.jpg 300w, https:\/\/idek.it\/wp-content\/uploads\/2025\/02\/10-001_26_new-1024x1024.jpg 1024w, https:\/\/idek.it\/wp-content\/uploads\/2025\/02\/10-001_26_new-150x150.jpg 150w, https:\/\/idek.it\/wp-content\/uploads\/2025\/02\/10-001_26_new-768x768.jpg 768w, https:\/\/idek.it\/wp-content\/uploads\/2025\/02\/10-001_26_new-1536x1536.jpg 1536w\" sizes=\"auto, (max-width: 2000px) 100vw, 2000px\" \/><\/figure>\n<\/div>\n<\/div>\n<\/div>\n\n\n\n<div style=\"height:20px\" aria-hidden=\"true\" class=\"wp-block-spacer\"><\/div>\n<\/div>\n\n\n\n<div class=\"wp-block-group has-global-padding is-layout-constrained wp-block-group-is-layout-constrained\">\n<hr class=\"wp-block-separator has-alpha-channel-opacity is-style-wide\" style=\"margin-bottom:20px\"\/>\n\n\n\n<div class=\"wp-block-group riga-pagine-servizi is-content-justification-space-between is-nowrap is-layout-flex wp-container-core-group-is-layout-809edb75 wp-block-group-is-layout-flex\">\n<div class=\"wp-block-group has-global-padding is-layout-constrained wp-block-group-is-layout-constrained\">\n<div class=\"wp-block-columns is-layout-flex wp-container-core-columns-is-layout-9c22b1e3 wp-block-columns-is-layout-flex\">\n<div class=\"wp-block-column is-layout-flow wp-block-column-is-layout-flow\" style=\"flex-basis:60px\">\n<div class=\"wp-block-group has-global-padding is-content-justification-left is-layout-constrained wp-container-core-group-is-layout-12dd3699 wp-block-group-is-layout-constrained\">\n<p class=\"has-numero-small-font-size\">[02]<\/p>\n<\/div>\n<\/div>\n\n\n\n<div class=\"wp-block-column is-layout-flow wp-block-column-is-layout-flow\" style=\"flex-basis:100%\">\n<h2 class=\"wp-block-heading has-titolo-sezione-font-size\">i.Transfer SD<\/h2>\n\n\n\n<div class=\"wp-block-group has-global-padding is-content-justification-left is-layout-constrained wp-container-core-group-is-layout-d5209ea4 wp-block-group-is-layout-constrained\">\n<p class=\"\">Serie especial con pigmentos de degradado natural, id\u00f3nea para decoraciones de exterior de colores claros.<\/p>\n<\/div>\n\n\n\n<div style=\"height:20px\" aria-hidden=\"true\" class=\"wp-block-spacer\"><\/div>\n\n\n\n<div class=\"wp-block-buttons is-layout-flex wp-block-buttons-is-layout-flex\"><div class=\"wp-block-button\"><a class=\"wp-block-button__link wp-element-button\" href=\"https:\/\/idek.it\/es\/catalogo-itransfer\/?section=sd-superduraderos\" data-hover=\"SABER M\u00c1S\"><span>SABER M\u00c1S<\/span><\/a><\/div><\/div>\n\n\n\n<div style=\"height:20px\" aria-hidden=\"true\" class=\"wp-block-spacer\"><\/div>\n<\/div>\n<\/div>\n<\/div>\n\n\n\n<div class=\"wp-block-group is-style-mobile-100 is-layout-flow wp-block-group-is-layout-flow\">\n<div class=\"wp-block-group gruppo-immagine-pagine-servizi is-style-mobile-100 has-global-padding is-layout-constrained wp-container-core-group-is-layout-731c369d wp-block-group-is-layout-constrained\">\n<figure class=\"wp-block-image size-full is-style-width-100\"><img loading=\"lazy\" decoding=\"async\" width=\"2000\" height=\"2000\" src=\"https:\/\/idek.it\/wp-content\/uploads\/2025\/02\/10-044_01-SD_newS.jpg\" alt=\"\" class=\"wp-image-2300\" style=\"aspect-ratio:1;object-fit:cover\" srcset=\"https:\/\/idek.it\/wp-content\/uploads\/2025\/02\/10-044_01-SD_newS.jpg 2000w, https:\/\/idek.it\/wp-content\/uploads\/2025\/02\/10-044_01-SD_newS-300x300.jpg 300w, https:\/\/idek.it\/wp-content\/uploads\/2025\/02\/10-044_01-SD_newS-1024x1024.jpg 1024w, https:\/\/idek.it\/wp-content\/uploads\/2025\/02\/10-044_01-SD_newS-150x150.jpg 150w, https:\/\/idek.it\/wp-content\/uploads\/2025\/02\/10-044_01-SD_newS-768x768.jpg 768w, https:\/\/idek.it\/wp-content\/uploads\/2025\/02\/10-044_01-SD_newS-1536x1536.jpg 1536w\" sizes=\"auto, (max-width: 2000px) 100vw, 2000px\" \/><\/figure>\n<\/div>\n<\/div>\n<\/div>\n\n\n\n<div style=\"height:20px\" aria-hidden=\"true\" class=\"wp-block-spacer\"><\/div>\n<\/div>\n<\/div>\n\n\n\n<div class=\"wp-block-group pattern-sez-azzurra has-custom-bianco-color has-custom-uno-background-color has-text-color has-background has-link-color wp-elements-5e4676be9bbeb3ad3285f2762d66e6a9 has-global-padding is-layout-constrained wp-block-group-is-layout-constrained\" style=\"padding-top:8vh;padding-bottom:8vh\">\n<p class=\"has-pretitolo-font-size\">PROCESO DE SUBLIMACI\u00d3N<\/p>\n\n\n\n<div class=\"wp-block-group has-global-padding is-content-justification-left is-layout-constrained wp-container-core-group-is-layout-74cbbf86 wp-block-group-is-layout-constrained\">\n<p class=\"is-style-riempimento has-titolo-sezione-font-size\">La sublimaci\u00f3n en I.DEK: protecci\u00f3n y calidad sin compromisos<\/p>\n<\/div>\n\n\n\n<div style=\"height:60px\" aria-hidden=\"true\" class=\"wp-block-spacer\"><\/div>\n\n\n\n<div class=\"wp-block-columns is-layout-flex wp-container-core-columns-is-layout-28f84493 wp-block-columns-is-layout-flex\">\n<div class=\"wp-block-column is-layout-flow wp-block-column-is-layout-flow\">\n<p class=\"\">El proceso de sublimaci\u00f3n en caliente permite transferir im\u00e1genes gr\u00e1ficas, utilizando nuestros i.transfer sobre perfiles, hojas de chapa y productos semielaborados de metal. Con esta tecnolog\u00eda es posible obtener efectos decorativos de gran impacto est\u00e9tico, como el efecto madera, fantas\u00edas, piedras y m\u00e1rmoles, fij\u00e1ndolos de forma permanente sobre art\u00edculos met\u00e1licos.<\/p>\n\n\n\n<p class=\"\">Para poder asegurar un resultado \u00f3ptimo, los objetos que han de someterse a sublimaci\u00f3n deben ser preparados adecuadamente mediante una limpieza minuciosa de la superficie y un tratamiento con pintura en polvo.<br>Una vez pintado, el art\u00edculo es envuelto con la pel\u00edcula de transferencia t\u00e9rmica ya impresa, la cual queda perfectamente adherida sobre la superficie gracias a un proceso de aspiraci\u00f3n al vac\u00edo.<\/p>\n<\/div>\n\n\n\n<div class=\"wp-block-column is-layout-flow wp-block-column-is-layout-flow\">\n<p class=\"\">Seguidamente, el objeto es introducido en un horno a una temperatura comprendida entre 200 \u00b0C y 220 \u00b0C durante un tiempo preestablecido. En esta fase, la decoraci\u00f3n presente sobre la pel\u00edcula se sublima, pasando de estado s\u00f3lido a estado gaseoso, y queda absorbida de forma permanente dentro de la capa de pintura.<\/p>\n\n\n\n<p class=\"\">Terminado el proceso, se retira la pel\u00edcula de transferencia t\u00e9rmica dejando a la vista la decoraci\u00f3n, transferida de forma precisa y uniforme.<\/p>\n\n\n\n<p class=\"\">El resultado final es un acabado de alta calidad, de gran resistencia a los agentes atmosf\u00e9ricos, como los rayos UV y los cambios bruscos de temperatura, as\u00ed como al desgaste y a la corrosi\u00f3n, garantizando al mismo tiempo un mantenimiento simple y duradero.<\/p>\n<\/div>\n<\/div>\n\n\n\n<div style=\"height:40px\" aria-hidden=\"true\" class=\"wp-block-spacer\"><\/div>\n<\/div>\n\n\n\n<div class=\"wp-block-group pattern-intro-txt-img has-global-padding is-layout-constrained wp-block-group-is-layout-constrained\" style=\"padding-top:8vh;padding-bottom:0\">\n<div style=\"height:60px\" aria-hidden=\"true\" class=\"wp-block-spacer\"><\/div>\n\n\n\n<figure class=\"wp-block-image size-full is-style-default\"><img loading=\"lazy\" decoding=\"async\" width=\"2000\" height=\"1331\" src=\"https:\/\/idek.it\/wp-content\/uploads\/2025\/04\/GRT_3112-LR.jpg\" alt=\"\" class=\"wp-image-1367\" style=\"aspect-ratio:16\/9;object-fit:cover\" srcset=\"https:\/\/idek.it\/wp-content\/uploads\/2025\/04\/GRT_3112-LR.jpg 2000w, https:\/\/idek.it\/wp-content\/uploads\/2025\/04\/GRT_3112-LR-300x200.jpg 300w, https:\/\/idek.it\/wp-content\/uploads\/2025\/04\/GRT_3112-LR-1024x681.jpg 1024w, https:\/\/idek.it\/wp-content\/uploads\/2025\/04\/GRT_3112-LR-768x511.jpg 768w, https:\/\/idek.it\/wp-content\/uploads\/2025\/04\/GRT_3112-LR-1536x1022.jpg 1536w\" sizes=\"auto, (max-width: 2000px) 100vw, 2000px\" \/><\/figure>\n\n\n\n<div style=\"height:60px\" aria-hidden=\"true\" class=\"wp-block-spacer\"><\/div>\n<\/div>\n","protected":false},"excerpt":{"rendered":"<p>I.TRANSFER Pel\u00edculas de transferencia t\u00e9rmica I.DEK est\u00e1 acreditada por Qualideco como \u201cFILM SUPPLIER FS-005\u201d: producimos pel\u00edculas de transferencia t\u00e9rmica de alta calidad, un material innovador totalmente fabricado en Italia con plantas avanzadas de impresi\u00f3n en rotograbado. Nuestras pel\u00edculas de distintos grosores, de 19 a 21 micras, est\u00e1n dise\u00f1adas para transferir con precisi\u00f3n la est\u00e9tica de [&hellip;]<\/p>\n","protected":false},"author":1,"featured_media":0,"parent":0,"menu_order":0,"comment_status":"closed","ping_status":"closed","template":"","meta":{"_acf_changed":false,"footnotes":""},"class_list":["post-2461","page","type-page","status-publish","hentry"],"yoast_head":"<!-- This site is optimized with the Yoast SEO plugin v25.3.1 - https:\/\/yoast.com\/wordpress\/plugins\/seo\/ -->\n<title>Pel\u00edculas de transferencia t\u00e9rmica - I-DEK<\/title>\n<meta name=\"robots\" content=\"index, follow, max-snippet:-1, max-image-preview:large, max-video-preview:-1\" \/>\n<link rel=\"canonical\" href=\"https:\/\/idek.it\/es\/peliculas-de-transferencia-termica\/\" \/>\n<meta property=\"og:locale\" content=\"es_ES\" \/>\n<meta property=\"og:type\" content=\"article\" \/>\n<meta property=\"og:title\" content=\"Pel\u00edculas de transferencia t\u00e9rmica - I-DEK\" \/>\n<meta property=\"og:description\" content=\"I.TRANSFER Pel\u00edculas de transferencia t\u00e9rmica I.DEK est\u00e1 acreditada por Qualideco como \u201cFILM SUPPLIER FS-005\u201d: producimos pel\u00edculas de transferencia t\u00e9rmica de alta calidad, un material innovador totalmente fabricado en Italia con plantas avanzadas de impresi\u00f3n en rotograbado. Nuestras pel\u00edculas de distintos grosores, de 19 a 21 micras, est\u00e1n dise\u00f1adas para transferir con precisi\u00f3n la est\u00e9tica de [&hellip;]\" \/>\n<meta property=\"og:url\" content=\"https:\/\/idek.it\/es\/peliculas-de-transferencia-termica\/\" \/>\n<meta property=\"og:site_name\" content=\"I-DEK\" \/>\n<meta property=\"article:modified_time\" content=\"2025-09-04T07:42:35+00:00\" \/>\n<meta property=\"og:image\" content=\"https:\/\/idek.it\/wp-content\/uploads\/2025\/04\/IDEK_DSC08559.jpg\" \/>\n\t<meta property=\"og:image:width\" content=\"2000\" \/>\n\t<meta property=\"og:image:height\" content=\"1333\" \/>\n\t<meta property=\"og:image:type\" content=\"image\/jpeg\" \/>\n<meta name=\"twitter:card\" content=\"summary_large_image\" \/>\n<meta name=\"twitter:label1\" content=\"Tiempo de lectura\" \/>\n\t<meta name=\"twitter:data1\" content=\"4 minutos\" \/>\n<script type=\"application\/ld+json\" class=\"yoast-schema-graph\">{\"@context\":\"https:\/\/schema.org\",\"@graph\":[{\"@type\":\"WebPage\",\"@id\":\"https:\/\/idek.it\/es\/peliculas-de-transferencia-termica\/\",\"url\":\"https:\/\/idek.it\/es\/peliculas-de-transferencia-termica\/\",\"name\":\"Pel\u00edculas de transferencia t\u00e9rmica - I-DEK\",\"isPartOf\":{\"@id\":\"https:\/\/idek.it\/es\/#website\"},\"primaryImageOfPage\":{\"@id\":\"https:\/\/idek.it\/es\/peliculas-de-transferencia-termica\/#primaryimage\"},\"image\":{\"@id\":\"https:\/\/idek.it\/es\/peliculas-de-transferencia-termica\/#primaryimage\"},\"thumbnailUrl\":\"https:\/\/idek.it\/wp-content\/uploads\/2025\/04\/IDEK_DSC08559.jpg\",\"datePublished\":\"2025-02-10T14:32:08+00:00\",\"dateModified\":\"2025-09-04T07:42:35+00:00\",\"breadcrumb\":{\"@id\":\"https:\/\/idek.it\/es\/peliculas-de-transferencia-termica\/#breadcrumb\"},\"inLanguage\":\"es\",\"potentialAction\":[{\"@type\":\"ReadAction\",\"target\":[\"https:\/\/idek.it\/es\/peliculas-de-transferencia-termica\/\"]}]},{\"@type\":\"ImageObject\",\"inLanguage\":\"es\",\"@id\":\"https:\/\/idek.it\/es\/peliculas-de-transferencia-termica\/#primaryimage\",\"url\":\"https:\/\/idek.it\/wp-content\/uploads\/2025\/04\/IDEK_DSC08559.jpg\",\"contentUrl\":\"https:\/\/idek.it\/wp-content\/uploads\/2025\/04\/IDEK_DSC08559.jpg\"},{\"@type\":\"BreadcrumbList\",\"@id\":\"https:\/\/idek.it\/es\/peliculas-de-transferencia-termica\/#breadcrumb\",\"itemListElement\":[{\"@type\":\"ListItem\",\"position\":1,\"name\":\"Home\",\"item\":\"https:\/\/idek.it\/es\/\"},{\"@type\":\"ListItem\",\"position\":2,\"name\":\"Pel\u00edculas de transferencia t\u00e9rmica\"}]},{\"@type\":\"WebSite\",\"@id\":\"https:\/\/idek.it\/es\/#website\",\"url\":\"https:\/\/idek.it\/es\/\",\"name\":\"I-DEK\",\"description\":\"Enhance Decoration\",\"publisher\":{\"@id\":\"https:\/\/idek.it\/es\/#organization\"},\"potentialAction\":[{\"@type\":\"SearchAction\",\"target\":{\"@type\":\"EntryPoint\",\"urlTemplate\":\"https:\/\/idek.it\/es\/?s={search_term_string}\"},\"query-input\":{\"@type\":\"PropertyValueSpecification\",\"valueRequired\":true,\"valueName\":\"search_term_string\"}}],\"inLanguage\":\"es\"},{\"@type\":\"Organization\",\"@id\":\"https:\/\/idek.it\/es\/#organization\",\"name\":\"I-DEK\",\"url\":\"https:\/\/idek.it\/es\/\",\"logo\":{\"@type\":\"ImageObject\",\"inLanguage\":\"es\",\"@id\":\"https:\/\/idek.it\/es\/#\/schema\/logo\/image\/\",\"url\":\"https:\/\/idek.it\/wp-content\/uploads\/2025\/01\/idek-logo-color.svg\",\"contentUrl\":\"https:\/\/idek.it\/wp-content\/uploads\/2025\/01\/idek-logo-color.svg\",\"width\":1,\"height\":1,\"caption\":\"I-DEK\"},\"image\":{\"@id\":\"https:\/\/idek.it\/es\/#\/schema\/logo\/image\/\"}}]}<\/script>\n<!-- \/ Yoast SEO plugin. -->","yoast_head_json":{"title":"Pel\u00edculas de transferencia t\u00e9rmica - I-DEK","robots":{"index":"index","follow":"follow","max-snippet":"max-snippet:-1","max-image-preview":"max-image-preview:large","max-video-preview":"max-video-preview:-1"},"canonical":"https:\/\/idek.it\/es\/peliculas-de-transferencia-termica\/","og_locale":"es_ES","og_type":"article","og_title":"Pel\u00edculas de transferencia t\u00e9rmica - I-DEK","og_description":"I.TRANSFER Pel\u00edculas de transferencia t\u00e9rmica I.DEK est\u00e1 acreditada por Qualideco como \u201cFILM SUPPLIER FS-005\u201d: producimos pel\u00edculas de transferencia t\u00e9rmica de alta calidad, un material innovador totalmente fabricado en Italia con plantas avanzadas de impresi\u00f3n en rotograbado. Nuestras pel\u00edculas de distintos grosores, de 19 a 21 micras, est\u00e1n dise\u00f1adas para transferir con precisi\u00f3n la est\u00e9tica de [&hellip;]","og_url":"https:\/\/idek.it\/es\/peliculas-de-transferencia-termica\/","og_site_name":"I-DEK","article_modified_time":"2025-09-04T07:42:35+00:00","og_image":[{"width":2000,"height":1333,"url":"https:\/\/idek.it\/wp-content\/uploads\/2025\/04\/IDEK_DSC08559.jpg","type":"image\/jpeg"}],"twitter_card":"summary_large_image","twitter_misc":{"Tiempo de lectura":"4 minutos"},"schema":{"@context":"https:\/\/schema.org","@graph":[{"@type":"WebPage","@id":"https:\/\/idek.it\/es\/peliculas-de-transferencia-termica\/","url":"https:\/\/idek.it\/es\/peliculas-de-transferencia-termica\/","name":"Pel\u00edculas de transferencia t\u00e9rmica - I-DEK","isPartOf":{"@id":"https:\/\/idek.it\/es\/#website"},"primaryImageOfPage":{"@id":"https:\/\/idek.it\/es\/peliculas-de-transferencia-termica\/#primaryimage"},"image":{"@id":"https:\/\/idek.it\/es\/peliculas-de-transferencia-termica\/#primaryimage"},"thumbnailUrl":"https:\/\/idek.it\/wp-content\/uploads\/2025\/04\/IDEK_DSC08559.jpg","datePublished":"2025-02-10T14:32:08+00:00","dateModified":"2025-09-04T07:42:35+00:00","breadcrumb":{"@id":"https:\/\/idek.it\/es\/peliculas-de-transferencia-termica\/#breadcrumb"},"inLanguage":"es","potentialAction":[{"@type":"ReadAction","target":["https:\/\/idek.it\/es\/peliculas-de-transferencia-termica\/"]}]},{"@type":"ImageObject","inLanguage":"es","@id":"https:\/\/idek.it\/es\/peliculas-de-transferencia-termica\/#primaryimage","url":"https:\/\/idek.it\/wp-content\/uploads\/2025\/04\/IDEK_DSC08559.jpg","contentUrl":"https:\/\/idek.it\/wp-content\/uploads\/2025\/04\/IDEK_DSC08559.jpg"},{"@type":"BreadcrumbList","@id":"https:\/\/idek.it\/es\/peliculas-de-transferencia-termica\/#breadcrumb","itemListElement":[{"@type":"ListItem","position":1,"name":"Home","item":"https:\/\/idek.it\/es\/"},{"@type":"ListItem","position":2,"name":"Pel\u00edculas de transferencia t\u00e9rmica"}]},{"@type":"WebSite","@id":"https:\/\/idek.it\/es\/#website","url":"https:\/\/idek.it\/es\/","name":"I-DEK","description":"Enhance Decoration","publisher":{"@id":"https:\/\/idek.it\/es\/#organization"},"potentialAction":[{"@type":"SearchAction","target":{"@type":"EntryPoint","urlTemplate":"https:\/\/idek.it\/es\/?s={search_term_string}"},"query-input":{"@type":"PropertyValueSpecification","valueRequired":true,"valueName":"search_term_string"}}],"inLanguage":"es"},{"@type":"Organization","@id":"https:\/\/idek.it\/es\/#organization","name":"I-DEK","url":"https:\/\/idek.it\/es\/","logo":{"@type":"ImageObject","inLanguage":"es","@id":"https:\/\/idek.it\/es\/#\/schema\/logo\/image\/","url":"https:\/\/idek.it\/wp-content\/uploads\/2025\/01\/idek-logo-color.svg","contentUrl":"https:\/\/idek.it\/wp-content\/uploads\/2025\/01\/idek-logo-color.svg","width":1,"height":1,"caption":"I-DEK"},"image":{"@id":"https:\/\/idek.it\/es\/#\/schema\/logo\/image\/"}}]}},"acf":[],"_links":{"self":[{"href":"https:\/\/idek.it\/es\/wp-json\/wp\/v2\/pages\/2461","targetHints":{"allow":["GET"]}}],"collection":[{"href":"https:\/\/idek.it\/es\/wp-json\/wp\/v2\/pages"}],"about":[{"href":"https:\/\/idek.it\/es\/wp-json\/wp\/v2\/types\/page"}],"author":[{"embeddable":true,"href":"https:\/\/idek.it\/es\/wp-json\/wp\/v2\/users\/1"}],"replies":[{"embeddable":true,"href":"https:\/\/idek.it\/es\/wp-json\/wp\/v2\/comments?post=2461"}],"version-history":[{"count":6,"href":"https:\/\/idek.it\/es\/wp-json\/wp\/v2\/pages\/2461\/revisions"}],"predecessor-version":[{"id":3237,"href":"https:\/\/idek.it\/es\/wp-json\/wp\/v2\/pages\/2461\/revisions\/3237"}],"wp:attachment":[{"href":"https:\/\/idek.it\/es\/wp-json\/wp\/v2\/media?parent=2461"}],"curies":[{"name":"wp","href":"https:\/\/api.w.org\/{rel}","templated":true}]}}