{"id":2945,"date":"2025-01-13T14:15:54","date_gmt":"2025-01-13T13:15:54","guid":{"rendered":"https:\/\/staging3.team99.it\/privacy-policy\/"},"modified":"2025-06-24T08:38:43","modified_gmt":"2025-06-24T07:38:43","slug":"privacy-policy","status":"publish","type":"page","link":"https:\/\/idek.it\/es\/privacy-policy\/","title":{"rendered":"Privacy Policy"},"content":{"rendered":"\n<div class=\"wp-block-cover has-custom-content-position is-position-bottom-left pattern-intro-pagina\"><img loading=\"lazy\" decoding=\"async\" width=\"2000\" height=\"1333\" class=\"wp-block-cover__image-background wp-image-1237\" alt=\"\" src=\"https:\/\/idek.it\/wp-content\/uploads\/2025\/04\/IDEK_DSC08588.jpg\" data-object-fit=\"cover\" srcset=\"https:\/\/idek.it\/wp-content\/uploads\/2025\/04\/IDEK_DSC08588.jpg 2000w, https:\/\/idek.it\/wp-content\/uploads\/2025\/04\/IDEK_DSC08588-300x200.jpg 300w, https:\/\/idek.it\/wp-content\/uploads\/2025\/04\/IDEK_DSC08588-1024x682.jpg 1024w, https:\/\/idek.it\/wp-content\/uploads\/2025\/04\/IDEK_DSC08588-768x512.jpg 768w, https:\/\/idek.it\/wp-content\/uploads\/2025\/04\/IDEK_DSC08588-1536x1024.jpg 1536w\" sizes=\"auto, (max-width: 2000px) 100vw, 2000px\" \/><span aria-hidden=\"true\" class=\"wp-block-cover__background has-custom-uno-background-color has-background-dim-100 has-background-dim\"><\/span><div class=\"wp-block-cover__inner-container has-global-padding is-layout-constrained wp-block-cover-is-layout-constrained\">\n<h1 class=\"wp-block-heading has-titolo-giant-font-size\">Privacy Policy<\/h1>\n\n\n\n<div style=\"height:40px\" aria-hidden=\"true\" class=\"wp-block-spacer\"><\/div>\n<\/div><\/div>\n\n\n\n<div class=\"wp-block-group has-global-padding is-layout-constrained wp-block-group-is-layout-constrained\" style=\"padding-top:var(--wp--preset--spacing--40);padding-bottom:var(--wp--preset--spacing--40)\">\n<p class=\"\">Informativa ai sensi dell&#8217;art. 13 del Codice della Privacy<\/p>\n\n\n\n<p class=\"\">Ai sensi dell&#8217;articolo 13 del codice della D.Lgs. 196\/2003, vi rendiamo le seguenti informazioni.<\/p>\n\n\n\n<p class=\"\">Noi di&nbsp;<a href=\"http:\/\/www.idek.it\/\" target=\"_blank\" rel=\"noreferrer noopener\">www.idek.it<\/a>&nbsp;riteniamo che la privacy dei nostri visitatori sia estremamente importante. Questo documento descrive dettagliatamente i tipi di informazioni personali raccolti e registrati dal nostro sito e come essi vengano utilizzati.<\/p>\n\n\n\n<p class=\"\">\u200b<\/p>\n\n\n\n<h3 class=\"wp-block-heading\">File di Registrazione (Log Files)<\/h3>\n\n\n\n<p class=\"\">Come molti altri siti web, il nostro utilizza file di log. Questi file registrano semplicemente i visitatori del sito &#8211; di solito una procedura standard delle aziende di hosting e dei servizi di analisi degli hosting.<\/p>\n\n\n\n<p class=\"\">Le informazioni contenute nei file di registro comprendono indirizzi di protocollo Internet (IP), il tipo di browser, Internet Service Provider (ISP), informazioni come data e ora, pagine referral, pagine d&#8217;uscita ed entrata o il numero di clic.<\/p>\n\n\n\n<p class=\"\">Queste informazioni vengono utilizzate per analizzare le tendenze, amministrare il sito, monitorare il movimento degli utenti sul sito e raccogliere informazioni demografiche. Gli indirizzi IP e le altre informazioni non sono collegate a informazioni personali che possono essere identificate, dunque tutti i dati sono raccolti in forma assolutamente anonima.<\/p>\n\n\n\n<p class=\"\">\u200b<\/p>\n\n\n\n<h3 class=\"wp-block-heading\">Questo sito web utilizza i Cookies<\/h3>\n\n\n\n<p class=\"\">I cookies sono piccoli file di testo che vengono automaticamente posizionati sul PC del navigatore all\u2019interno del browser. Essi contengono informazioni di base sulla navigazione in Internet e grazie al browser vengono riconosciuti ogni volta che l\u2019utente visita il sito.<\/p>\n\n\n\n<h3 class=\"wp-block-heading\">&nbsp;<\/h3>\n\n\n\n<h3 class=\"wp-block-heading\">Cookie Policy<\/h3>\n\n\n\n<p class=\"\">Questo sito utilizza cookies, anche di terze parti, per migliorarne l\u2019esperienza di navigazione, consentire a chi naviga di usufruire di eventuali servizi online e monitorare la navigazione nel sito.<\/p>\n\n\n\n<h3 class=\"wp-block-heading\">&nbsp;<\/h3>\n\n\n\n<h3 class=\"wp-block-heading\">Come disabilitare i Cookies<\/h3>\n\n\n\n<p class=\"\">E\u2019 possibile disabilitare i cookies direttamente dal browser utilizzato, accedendo alle impostazioni (preferenze oppure opzioni): questa scelta potrebbe limitare alcune funzionalit\u00e0 di navigazione del sito.<\/p>\n\n\n\n<h3 class=\"wp-block-heading\">&nbsp;<\/h3>\n\n\n\n<h3 class=\"wp-block-heading\">Gestione dei Cookies<\/h3>\n\n\n\n<p class=\"\">I cookies utilizzati in questo sito possono rientrare nelle categorie descritte di seguito.<\/p>\n\n\n\n<ul class=\"wp-block-list\">\n<li class=\"\">Attivit\u00e0 strettamente necessarie al funzionamento&nbsp;<br>Questi cookies hanno natura tecnica e permettono al sito di funzionare correttamente. Ad esempio, mantengono l\u2019utente collegato durante la navigazione evitando che il sito richieda di collegarsi pi\u00f9 volte per accedere alle pagine successive.<\/li>\n\n\n\n<li class=\"\">Attivit\u00e0 di salvataggio delle preferenze&nbsp;<br>Questi cookie permettono di ricordare le preferenze selezionate dall\u2019utente durante la navigazione, ad esempio, consentono di impostare la lingua.<\/li>\n\n\n\n<li class=\"\">Attivit\u00e0 Statistiche e di Misurazione dell\u2019audience (es: Google Analytics)&nbsp;<br>Questi cookie ci aiutano a capire, attraverso dati raccolti in forma anonima e aggregata, come gli utenti interagiscono con i siti internet fornendo informazioni relative alle sezioni visitate, il tempo trascorso sul sito, eventuali malfunzionamenti. Questo aiuta a migliorare la resa dei siti internet.<\/li>\n\n\n\n<li class=\"\">Cookie di social media (es: Facebook)&nbsp;<br>Questi cookie di terza parte vengono utilizzati per integrare alcune diffuse funzionalit\u00e0 dei principali social media e fornirle all\u2019interno del sito. In particolare permettono la registrazione e l\u2019autenticazione sul sito tramite facebook e google connect, la condivisione e i commenti di pagine del sito sui social, abilitano le funzionalit\u00e0 del \u201cmi piace\u201d su Facebook e del \u201c+1\u2033 su G+.<\/li>\n<\/ul>\n\n\n\n<h3 class=\"wp-block-heading\">&nbsp;<\/h3>\n\n\n\n<h3 class=\"wp-block-heading\">Finalit\u00e0 del trattamento<\/h3>\n\n\n\n<p class=\"\">I dati possono essere raccolti per una o pi\u00f9 delle seguenti finalit\u00e0:<\/p>\n\n\n\n<ul class=\"wp-block-list\">\n<li class=\"\">fornire l&#8217;accesso ad aree riservate del Portale e di Portali\/siti collegati con il presente e all&#8217;invio di comunicazioni anche di carattere commerciale, notizie, aggiornamenti sulle iniziative di questo sito e delle societ\u00e0 da essa controllate e\/o collegate e\/o Sponsor.&nbsp;<\/li>\n\n\n\n<li class=\"\">eventuale cessione a terzi dei suddetti dati, sempre finalizzata alla realizzazione di campagne di email marketing ed all&#8217;invio di comunicazioni di carattere commerciale.&nbsp;<\/li>\n\n\n\n<li class=\"\">eseguire gli obblighi previsti da leggi o regolamenti;<\/li>\n\n\n\n<li class=\"\">gestione contatti;<\/li>\n<\/ul>\n\n\n\n<h3 class=\"wp-block-heading\">&nbsp;<\/h3>\n\n\n\n<h3 class=\"wp-block-heading\">Modalit\u00e0 del trattamento<\/h3>\n\n\n\n<p class=\"\">I dati verranno trattati con le seguenti modalit\u00e0:<\/p>\n\n\n\n<ul class=\"wp-block-list\">\n<li class=\"\">raccolta dati con modalit\u00e0 single-opt, in apposito database;<\/li>\n\n\n\n<li class=\"\">registrazione ed elaborazione su supporto cartaceo e\/o magnetico;<\/li>\n\n\n\n<li class=\"\">organizzazione degli archivi in forma prevalentemente automatizzata, ai sensi del Disciplinare Tecnico in materia di misure minime di sicurezza, Allegato B del Codice della Privacy.&nbsp;<\/li>\n<\/ul>\n\n\n\n<h3 class=\"wp-block-heading\">&nbsp;<\/h3>\n\n\n\n<h3 class=\"wp-block-heading\">Natura obbligatoria<\/h3>\n\n\n\n<p class=\"\">Tutti i dati richiesti sono obbligatori.<\/p>\n\n\n\n<h3 class=\"wp-block-heading\">&nbsp;<\/h3>\n\n\n\n<h3 class=\"wp-block-heading\">Diritti dell&#8217;interessato<\/h3>\n\n\n\n<p class=\"\">Ai sensi ai sensi dell&#8217;art. 7 (Diritto di accesso ai dati personali ed altri diritti) del Codice della Privacy, vi segnaliamo che i vostri diritti in ordine al trattamento dei dati sono:<\/p>\n\n\n\n<ul class=\"wp-block-list\">\n<li class=\"\">conoscere, mediante accesso gratuito l&#8217;esistenza di trattamenti di dati che possano riguardarvi;<\/li>\n\n\n\n<li class=\"\">essere informati sulla natura e sulle finalit\u00e0 del trattamento<\/li>\n\n\n\n<li class=\"\">ottenere a cura del titolare, senza ritardo:\n<ul class=\"wp-block-list\">\n<li class=\"\">la conferma dell&#8217;esistenza o meno di dati personali che vi riguardano, anche se non ancora registrati, e la comunicazione in forma intellegibile dei medesimi dati e della loro origine, nonch\u00e9 della logica e delle finalit\u00e0 su cui si basa il trattamento; la richiesta pu\u00f2 essere rinnovata, salva l&#8217;esistenza di giustificati motivi, con intervallo non minore di novanta giorni;<\/li>\n\n\n\n<li class=\"\">la cancellazione, la trasformazione in forma anonima o il blocco dei dati trattati in violazione di legge, compresi quelli di cui non \u00e8 necessaria la conservazione in relazione agli scopi per i quali i dati sono stati raccolti o successivamente trattati;<\/li>\n\n\n\n<li class=\"\">l&#8217;aggiornamento, la rettifica ovvero, qualora vi abbia interesse, l&#8217;integrazione dei dati esistenti;<\/li>\n\n\n\n<li class=\"\">opporvi in tutto o in parte per motivi legittimi al trattamento dei dati personali che vi riguardano ancorch\u00e9 pertinenti allo scopo della raccolta;<\/li>\n<\/ul>\n<\/li>\n<\/ul>\n\n\n\n<p class=\"\">Vi segnaliamo che il titolare del trattamento ad ogni effetto di legge \u00e8:<\/p>\n\n\n\n<ul class=\"wp-block-list\">\n<li class=\"\">Idek srl<\/li>\n\n\n\n<li class=\"\">Via Canazza 46<\/li>\n\n\n\n<li class=\"\">20025 &#8211; Legnano (VA)<\/li>\n\n\n\n<li class=\"\">Tel\/Fax: 0331542374<\/li>\n\n\n\n<li class=\"\">E-mail:&nbsp;<a href=\"mailto:idek.srl@gmail.com\">idek.srl@gmail.com<\/a><\/li>\n<\/ul>\n\n\n\n<p class=\"\">Per esercitare i diritti previsti all&#8217;art. 7 del Codice della Privacy ovvero per la cancellazione dei vostri dati dall&#8217;archivio, \u00e8 sufficiente contattarci attraverso uno dei canali messi a disposizione.<\/p>\n\n\n\n<p class=\"\">Tutti i dati sono protetti attraverso l&#8217;uso di antivirus, firewall e protezione attraverso password.<\/p>\n\n\n\n<h3 class=\"wp-block-heading\">&nbsp;<\/h3>\n\n\n\n<h3 class=\"wp-block-heading\">Informazioni per i bambini<\/h3>\n\n\n\n<p class=\"\">Riteniamo importante assicurare una protezione aggiunta ai bambini online. Noi incoraggiamo i genitori e i tutori a trascorrere del tempo online con i loro figli per osservare, partecipare e\/o monitorare e guidare la loro attivit\u00e0 online. Noi non raccogliamo dati personali di minori. Se un genitore o un tutore crede che il nostro sito abbia nel suo database le informazioni personali di un bambino, vi preghiamo di contattarci immediatamente (utilizzando la mail fornita) e faremo di tutto per rimuovere tali informazioni il pi\u00f9 presto possibile.<\/p>\n\n\n\n<p class=\"\">Questa politica sulla privacy si applica solo alle nostre attivit\u00e0 online ed \u00e8 valida per i visitatori del nostro sito web e per quanto riguarda le informazioni condivise e\/o raccolte. Questa politica non si applica a qualsiasi informazione raccolta in modalit\u00e0 offline o tramite canali diversi da questo sito web.<\/p>\n\n\n\n<h3 class=\"wp-block-heading\">&nbsp;<\/h3>\n\n\n\n<h3 class=\"wp-block-heading\">Consenso<\/h3>\n\n\n\n<p class=\"\">Usando il nostro sito web, acconsenti alla nostra politica sulla privacy e accetti i suoi termini. Se desideri ulteriori informazioni o hai domande sulla nostra politica sulla privacy non esitare a contattarci.<\/p>\n<\/div>\n","protected":false},"excerpt":{"rendered":"<p>Informativa ai sensi dell&#8217;art. 13 del Codice della Privacy Ai sensi dell&#8217;articolo 13 del codice della D.Lgs. 196\/2003, vi rendiamo le seguenti informazioni. Noi di&nbsp;www.idek.it&nbsp;riteniamo che la privacy dei nostri visitatori sia estremamente importante. Questo documento descrive dettagliatamente i tipi di informazioni personali raccolti e registrati dal nostro sito e come essi vengano utilizzati. \u200b [&hellip;]<\/p>\n","protected":false},"author":1,"featured_media":0,"parent":0,"menu_order":0,"comment_status":"closed","ping_status":"closed","template":"","meta":{"_acf_changed":false,"footnotes":""},"class_list":["post-2945","page","type-page","status-publish","hentry"],"yoast_head":"<!-- This site is optimized with the Yoast SEO plugin v25.3.1 - https:\/\/yoast.com\/wordpress\/plugins\/seo\/ -->\n<title>Privacy Policy - I-DEK<\/title>\n<meta name=\"robots\" content=\"index, follow, max-snippet:-1, max-image-preview:large, max-video-preview:-1\" \/>\n<link rel=\"canonical\" href=\"https:\/\/idek.it\/es\/privacy-policy\/\" \/>\n<meta property=\"og:locale\" content=\"es_ES\" \/>\n<meta property=\"og:type\" content=\"article\" \/>\n<meta property=\"og:title\" content=\"Privacy Policy - I-DEK\" \/>\n<meta property=\"og:description\" content=\"Informativa ai sensi dell&#8217;art. 13 del Codice della Privacy Ai sensi dell&#8217;articolo 13 del codice della D.Lgs. 196\/2003, vi rendiamo le seguenti informazioni. Noi di&nbsp;www.idek.it&nbsp;riteniamo che la privacy dei nostri visitatori sia estremamente importante. Questo documento descrive dettagliatamente i tipi di informazioni personali raccolti e registrati dal nostro sito e come essi vengano utilizzati. \u200b [&hellip;]\" \/>\n<meta property=\"og:url\" content=\"https:\/\/idek.it\/es\/privacy-policy\/\" \/>\n<meta property=\"og:site_name\" content=\"I-DEK\" \/>\n<meta property=\"article:modified_time\" content=\"2025-06-24T07:38:43+00:00\" \/>\n<meta property=\"og:image\" content=\"https:\/\/idek.it\/wp-content\/uploads\/2025\/04\/IDEK_DSC08588.jpg\" \/>\n\t<meta property=\"og:image:width\" content=\"2000\" \/>\n\t<meta property=\"og:image:height\" content=\"1333\" \/>\n\t<meta property=\"og:image:type\" content=\"image\/jpeg\" \/>\n<meta name=\"twitter:card\" content=\"summary_large_image\" \/>\n<meta name=\"twitter:label1\" content=\"Tiempo de lectura\" \/>\n\t<meta name=\"twitter:data1\" content=\"5 minutos\" \/>\n<script type=\"application\/ld+json\" class=\"yoast-schema-graph\">{\"@context\":\"https:\/\/schema.org\",\"@graph\":[{\"@type\":\"WebPage\",\"@id\":\"https:\/\/idek.it\/es\/privacy-policy\/\",\"url\":\"https:\/\/idek.it\/es\/privacy-policy\/\",\"name\":\"Privacy Policy - I-DEK\",\"isPartOf\":{\"@id\":\"https:\/\/idek.it\/es\/#website\"},\"primaryImageOfPage\":{\"@id\":\"https:\/\/idek.it\/es\/privacy-policy\/#primaryimage\"},\"image\":{\"@id\":\"https:\/\/idek.it\/es\/privacy-policy\/#primaryimage\"},\"thumbnailUrl\":\"https:\/\/idek.it\/wp-content\/uploads\/2025\/04\/IDEK_DSC08588.jpg\",\"datePublished\":\"2025-01-13T13:15:54+00:00\",\"dateModified\":\"2025-06-24T07:38:43+00:00\",\"breadcrumb\":{\"@id\":\"https:\/\/idek.it\/es\/privacy-policy\/#breadcrumb\"},\"inLanguage\":\"es\",\"potentialAction\":[{\"@type\":\"ReadAction\",\"target\":[\"https:\/\/idek.it\/es\/privacy-policy\/\"]}]},{\"@type\":\"ImageObject\",\"inLanguage\":\"es\",\"@id\":\"https:\/\/idek.it\/es\/privacy-policy\/#primaryimage\",\"url\":\"https:\/\/idek.it\/wp-content\/uploads\/2025\/04\/IDEK_DSC08588.jpg\",\"contentUrl\":\"https:\/\/idek.it\/wp-content\/uploads\/2025\/04\/IDEK_DSC08588.jpg\"},{\"@type\":\"BreadcrumbList\",\"@id\":\"https:\/\/idek.it\/es\/privacy-policy\/#breadcrumb\",\"itemListElement\":[{\"@type\":\"ListItem\",\"position\":1,\"name\":\"Home\",\"item\":\"https:\/\/idek.it\/es\/\"},{\"@type\":\"ListItem\",\"position\":2,\"name\":\"Privacy Policy\"}]},{\"@type\":\"WebSite\",\"@id\":\"https:\/\/idek.it\/es\/#website\",\"url\":\"https:\/\/idek.it\/es\/\",\"name\":\"I-DEK\",\"description\":\"Enhance Decoration\",\"publisher\":{\"@id\":\"https:\/\/idek.it\/es\/#organization\"},\"potentialAction\":[{\"@type\":\"SearchAction\",\"target\":{\"@type\":\"EntryPoint\",\"urlTemplate\":\"https:\/\/idek.it\/es\/?s={search_term_string}\"},\"query-input\":{\"@type\":\"PropertyValueSpecification\",\"valueRequired\":true,\"valueName\":\"search_term_string\"}}],\"inLanguage\":\"es\"},{\"@type\":\"Organization\",\"@id\":\"https:\/\/idek.it\/es\/#organization\",\"name\":\"I-DEK\",\"url\":\"https:\/\/idek.it\/es\/\",\"logo\":{\"@type\":\"ImageObject\",\"inLanguage\":\"es\",\"@id\":\"https:\/\/idek.it\/es\/#\/schema\/logo\/image\/\",\"url\":\"https:\/\/idek.it\/wp-content\/uploads\/2025\/01\/idek-logo-color.svg\",\"contentUrl\":\"https:\/\/idek.it\/wp-content\/uploads\/2025\/01\/idek-logo-color.svg\",\"width\":1,\"height\":1,\"caption\":\"I-DEK\"},\"image\":{\"@id\":\"https:\/\/idek.it\/es\/#\/schema\/logo\/image\/\"}}]}<\/script>\n<!-- \/ Yoast SEO plugin. -->","yoast_head_json":{"title":"Privacy Policy - I-DEK","robots":{"index":"index","follow":"follow","max-snippet":"max-snippet:-1","max-image-preview":"max-image-preview:large","max-video-preview":"max-video-preview:-1"},"canonical":"https:\/\/idek.it\/es\/privacy-policy\/","og_locale":"es_ES","og_type":"article","og_title":"Privacy Policy - I-DEK","og_description":"Informativa ai sensi dell&#8217;art. 13 del Codice della Privacy Ai sensi dell&#8217;articolo 13 del codice della D.Lgs. 196\/2003, vi rendiamo le seguenti informazioni. Noi di&nbsp;www.idek.it&nbsp;riteniamo che la privacy dei nostri visitatori sia estremamente importante. Questo documento descrive dettagliatamente i tipi di informazioni personali raccolti e registrati dal nostro sito e come essi vengano utilizzati. \u200b [&hellip;]","og_url":"https:\/\/idek.it\/es\/privacy-policy\/","og_site_name":"I-DEK","article_modified_time":"2025-06-24T07:38:43+00:00","og_image":[{"width":2000,"height":1333,"url":"https:\/\/idek.it\/wp-content\/uploads\/2025\/04\/IDEK_DSC08588.jpg","type":"image\/jpeg"}],"twitter_card":"summary_large_image","twitter_misc":{"Tiempo de lectura":"5 minutos"},"schema":{"@context":"https:\/\/schema.org","@graph":[{"@type":"WebPage","@id":"https:\/\/idek.it\/es\/privacy-policy\/","url":"https:\/\/idek.it\/es\/privacy-policy\/","name":"Privacy Policy - I-DEK","isPartOf":{"@id":"https:\/\/idek.it\/es\/#website"},"primaryImageOfPage":{"@id":"https:\/\/idek.it\/es\/privacy-policy\/#primaryimage"},"image":{"@id":"https:\/\/idek.it\/es\/privacy-policy\/#primaryimage"},"thumbnailUrl":"https:\/\/idek.it\/wp-content\/uploads\/2025\/04\/IDEK_DSC08588.jpg","datePublished":"2025-01-13T13:15:54+00:00","dateModified":"2025-06-24T07:38:43+00:00","breadcrumb":{"@id":"https:\/\/idek.it\/es\/privacy-policy\/#breadcrumb"},"inLanguage":"es","potentialAction":[{"@type":"ReadAction","target":["https:\/\/idek.it\/es\/privacy-policy\/"]}]},{"@type":"ImageObject","inLanguage":"es","@id":"https:\/\/idek.it\/es\/privacy-policy\/#primaryimage","url":"https:\/\/idek.it\/wp-content\/uploads\/2025\/04\/IDEK_DSC08588.jpg","contentUrl":"https:\/\/idek.it\/wp-content\/uploads\/2025\/04\/IDEK_DSC08588.jpg"},{"@type":"BreadcrumbList","@id":"https:\/\/idek.it\/es\/privacy-policy\/#breadcrumb","itemListElement":[{"@type":"ListItem","position":1,"name":"Home","item":"https:\/\/idek.it\/es\/"},{"@type":"ListItem","position":2,"name":"Privacy Policy"}]},{"@type":"WebSite","@id":"https:\/\/idek.it\/es\/#website","url":"https:\/\/idek.it\/es\/","name":"I-DEK","description":"Enhance Decoration","publisher":{"@id":"https:\/\/idek.it\/es\/#organization"},"potentialAction":[{"@type":"SearchAction","target":{"@type":"EntryPoint","urlTemplate":"https:\/\/idek.it\/es\/?s={search_term_string}"},"query-input":{"@type":"PropertyValueSpecification","valueRequired":true,"valueName":"search_term_string"}}],"inLanguage":"es"},{"@type":"Organization","@id":"https:\/\/idek.it\/es\/#organization","name":"I-DEK","url":"https:\/\/idek.it\/es\/","logo":{"@type":"ImageObject","inLanguage":"es","@id":"https:\/\/idek.it\/es\/#\/schema\/logo\/image\/","url":"https:\/\/idek.it\/wp-content\/uploads\/2025\/01\/idek-logo-color.svg","contentUrl":"https:\/\/idek.it\/wp-content\/uploads\/2025\/01\/idek-logo-color.svg","width":1,"height":1,"caption":"I-DEK"},"image":{"@id":"https:\/\/idek.it\/es\/#\/schema\/logo\/image\/"}}]}},"acf":[],"_links":{"self":[{"href":"https:\/\/idek.it\/es\/wp-json\/wp\/v2\/pages\/2945","targetHints":{"allow":["GET"]}}],"collection":[{"href":"https:\/\/idek.it\/es\/wp-json\/wp\/v2\/pages"}],"about":[{"href":"https:\/\/idek.it\/es\/wp-json\/wp\/v2\/types\/page"}],"author":[{"embeddable":true,"href":"https:\/\/idek.it\/es\/wp-json\/wp\/v2\/users\/1"}],"replies":[{"embeddable":true,"href":"https:\/\/idek.it\/es\/wp-json\/wp\/v2\/comments?post=2945"}],"version-history":[{"count":1,"href":"https:\/\/idek.it\/es\/wp-json\/wp\/v2\/pages\/2945\/revisions"}],"predecessor-version":[{"id":2947,"href":"https:\/\/idek.it\/es\/wp-json\/wp\/v2\/pages\/2945\/revisions\/2947"}],"wp:attachment":[{"href":"https:\/\/idek.it\/es\/wp-json\/wp\/v2\/media?parent=2945"}],"curies":[{"name":"wp","href":"https:\/\/api.w.org\/{rel}","templated":true}]}}